{"id":1476,"date":"2023-11-21T11:15:58","date_gmt":"2023-11-21T10:15:58","guid":{"rendered":"https:\/\/mercerius.es\/producto\/el-reto-lean-en-comunicacion\/"},"modified":"2024-02-01T10:33:00","modified_gmt":"2024-02-01T09:33:00","slug":"el-reto-lean-en-comunicacion","status":"publish","type":"product","link":"https:\/\/mercerius.es\/es\/producto\/el-reto-lean-en-comunicacion\/","title":{"rendered":"El reto Lean en comunicaci\u00f3n"},"content":{"rendered":"<p><strong><br \/>\n  <em>El reto Lean en comunicaci\u00f3n<\/em><br \/>\n<\/strong> explica c\u00f3mo se puede implementar Lean en el proceso comunicativo y c\u00f3mo la comunicaci\u00f3n afecta a todos los procesos.<\/p>\n<p>Escrito por <a href=\"https:\/\/www.linkedin.com\/in\/merceriusalmoyner\">Merc\u00e8 Rius<\/a>, arquitecta t\u00e9cnica especializada en direcci\u00f3n de marketing y comunicaci\u00f3n, y <a href=\"https:\/\/www.linkedin.com\/in\/samyankelevitch\/\">Sam Yankelevitch<\/a>, ingeniero industrial colombiano establecido en Estados Unidos<\/p>\n<p>El libro hace un recorrido sobre el proceso comunicativo visto a trav\u00e9s de la cultura de una organizaci\u00f3n y las herramientas Lean aplicadas a la comunicaci\u00f3n. Para facilitar su comprensi\u00f3n se presentan ejemplos de sectores bien diferentes que ayudan a comprender las ineficiencias que se podr\u00edan evitar con Lean comunicaci\u00f3n.<\/p>\n<p>Este libro se dirige a todas las personas que forman parte de cualquier organizaci\u00f3n que buscan la excelencia, y que el pensamiento Lean les ayudar\u00e1 a conseguirla. Pretende dar respuesta a aspectos como:<\/p>\n<ul>\n<li>La comunicaci\u00f3n es un proceso, por lo tanto el Lean puede ayudar a mejorarla.<\/li>\n<li>La comunicaci\u00f3n es esencial para una buena ejecuci\u00f3n, \u00bfpor qu\u00e9 no adoptamos el pensamiento Lean para hacerlo mejor?<\/li>\n<li>\u00bfC\u00f3mo podemos utilizar la filosof\u00eda Lean para mejorar nuestra comunicaci\u00f3n?<\/li>\n<li>El hecho de que la comunicaci\u00f3n sea invisible no quiere decir que no est\u00e9 impactando en nuestros resultados. Lean nos ayuda a ver el proceso comunicativo para mejorarlo continuamente.<\/li>\n<\/ul>\n<p>\u00bfHay alguien a quien no le guste nada tan sencillo como la eliminaci\u00f3n o la reducci\u00f3n de ineficiencias? Reducir tiempo, reducir costes, mejorar el producto o servicio&#8230; No es una quimera, es una realidad implementando Lean comunicaci\u00f3n en los procesos y en las organizaciones.<\/p>\n<p><strong><br \/>\n  <em>El reto Lean en comunicaci\u00f3n<\/em><br \/>\n<\/strong> no pretende ser un compendio de recetas m\u00e1gicas para resolver los problemas del flujo de informaci\u00f3n de una organizaci\u00f3n, sino que es un recopilatorio de los conceptos generales que inciden en la forma como la comunicaci\u00f3n interviene en los proyectos Lean.<\/p>\n<p>Hay una edici\u00f3n m\u00e1s sencilla en impresa en blanco y negro y a color en formato ebook que se puede adquirir en <a href=\"https:\/\/www.bubok.es\/autores\/mercerius\">Bubok <\/a>y <a href=\"https:\/\/www.amazon.es\/EL-RETO-LEAN-EN-COMUNICACI%C3%93N-ebook\/dp\/B0BYP3N7HC\">en Amazon en formato Kindle<\/a> y <a href=\"https:\/\/www.amazon.es\/EL-RETO-LEAN-EN-COMUNICACI%C3%93N-ebook\/dp\/B0BYP3N7HC\">papel en blanco y negro.<\/a><\/p>\n","protected":false},"excerpt":{"rendered":"<p>El primer libro que se publica en castellano sobre Lean y comunicaci\u00f3n, en el que se expone c\u00f3mo la comunicaci\u00f3n afecta a todos los procesos y si no se gestiona correctamente las ineficiencias y errores que se pueden producir conllevan incremento de gastos y atrasos.<\/p>\n<p><strong>Versi\u00f3n papel impresi\u00f3n a color calidad Premium<\/strong><br \/>\n<strong>ISBN <\/strong>978-84-126082-2-9<br \/>\n<strong>P\u00e1ginas: <\/strong>224<br \/>\n<strong>Tama\u00f1o: <\/strong>21.59 x 1.3 x 21.59 cm<\/p>\n","protected":false},"featured_media":1298,"template":"","meta":[],"product_cat":[21],"product_tag":[],"class_list":["post-1476","product","type-product","status-publish","has-post-thumbnail","hentry","product_cat-sin-categorizar"],"acf":[],"yoast_head":"<!-- This site is optimized with the Yoast SEO plugin v21.9.1 - https:\/\/yoast.com\/wordpress\/plugins\/seo\/ -->\n<title>El reto Lean en comunicaci\u00f3n - Merc\u00e8 rius<\/title>\n<meta name=\"robots\" content=\"index, follow, max-snippet:-1, max-image-preview:large, max-video-preview:-1\" \/>\n<link rel=\"canonical\" href=\"https:\/\/mercerius.es\/producto\/el-reto-lean-en-comunicacion\/\" \/>\n<meta property=\"og:locale\" content=\"es_ES\" \/>\n<meta property=\"og:type\" content=\"article\" \/>\n<meta property=\"og:title\" content=\"El reto Lean en comunicaci\u00f3n - Merc\u00e8 rius\" \/>\n<meta property=\"og:description\" content=\"El primer libro que se publica en castellano sobre Lean y comunicaci\u00f3n, en el que se expone c\u00f3mo la comunicaci\u00f3n afecta a todos los procesos y si no se gestiona correctamente las ineficiencias y errores que se pueden producir conllevan incremento de gastos y atrasos. Versi\u00f3n papel impresi\u00f3n a color calidad Premium ISBN 978-84-126082-2-9 P\u00e1ginas: 224 Tama\u00f1o: 21.59 x 1.3 x 21.59 cm\" \/>\n<meta property=\"og:url\" content=\"https:\/\/mercerius.es\/producto\/el-reto-lean-en-comunicacion\/\" \/>\n<meta property=\"og:site_name\" content=\"Merc\u00e8 rius\" \/>\n<meta property=\"article:modified_time\" content=\"2024-02-01T09:33:00+00:00\" \/>\n<meta property=\"og:image\" content=\"https:\/\/mercerius.es\/wp-content\/uploads\/2023\/11\/el-reto-lean.jpg\" \/>\n\t<meta property=\"og:image:width\" content=\"1200\" \/>\n\t<meta property=\"og:image:height\" content=\"904\" \/>\n\t<meta property=\"og:image:type\" content=\"image\/jpeg\" \/>\n<meta name=\"twitter:card\" content=\"summary_large_image\" \/>\n<meta name=\"twitter:label1\" content=\"Tiempo de lectura\" \/>\n\t<meta name=\"twitter:data1\" content=\"2 minutos\" \/>\n<script type=\"application\/ld+json\" class=\"yoast-schema-graph\">{\"@context\":\"https:\/\/schema.org\",\"@graph\":[{\"@type\":\"WebPage\",\"@id\":\"https:\/\/mercerius.es\/producto\/el-reto-lean-en-comunicacion\/\",\"url\":\"https:\/\/mercerius.es\/producto\/el-reto-lean-en-comunicacion\/\",\"name\":\"El reto Lean en comunicaci\u00f3n - Merc\u00e8 rius\",\"isPartOf\":{\"@id\":\"https:\/\/mercerius.es\/#website\"},\"datePublished\":\"2023-11-21T10:15:58+00:00\",\"dateModified\":\"2024-02-01T09:33:00+00:00\",\"breadcrumb\":{\"@id\":\"https:\/\/mercerius.es\/producto\/el-reto-lean-en-comunicacion\/#breadcrumb\"},\"inLanguage\":\"es\",\"potentialAction\":[{\"@type\":\"ReadAction\",\"target\":[\"https:\/\/mercerius.es\/producto\/el-reto-lean-en-comunicacion\/\"]}]},{\"@type\":\"BreadcrumbList\",\"@id\":\"https:\/\/mercerius.es\/producto\/el-reto-lean-en-comunicacion\/#breadcrumb\",\"itemListElement\":[{\"@type\":\"ListItem\",\"position\":1,\"name\":\"Inici\",\"item\":\"https:\/\/mercerius.es\/\"},{\"@type\":\"ListItem\",\"position\":2,\"name\":\"Tienda\",\"item\":\"https:\/\/mercerius.es\/tienda\/\"},{\"@type\":\"ListItem\",\"position\":3,\"name\":\"El reto Lean en comunicaci\u00f3n\"}]},{\"@type\":\"WebSite\",\"@id\":\"https:\/\/mercerius.es\/#website\",\"url\":\"https:\/\/mercerius.es\/\",\"name\":\"Merc\u00e8 rius\",\"description\":\"\",\"potentialAction\":[{\"@type\":\"SearchAction\",\"target\":{\"@type\":\"EntryPoint\",\"urlTemplate\":\"https:\/\/mercerius.es\/?s={search_term_string}\"},\"query-input\":\"required name=search_term_string\"}],\"inLanguage\":\"es\"}]}<\/script>\n<!-- \/ Yoast SEO plugin. -->","yoast_head_json":{"title":"El reto Lean en comunicaci\u00f3n - Merc\u00e8 rius","robots":{"index":"index","follow":"follow","max-snippet":"max-snippet:-1","max-image-preview":"max-image-preview:large","max-video-preview":"max-video-preview:-1"},"canonical":"https:\/\/mercerius.es\/producto\/el-reto-lean-en-comunicacion\/","og_locale":"es_ES","og_type":"article","og_title":"El reto Lean en comunicaci\u00f3n - Merc\u00e8 rius","og_description":"El primer libro que se publica en castellano sobre Lean y comunicaci\u00f3n, en el que se expone c\u00f3mo la comunicaci\u00f3n afecta a todos los procesos y si no se gestiona correctamente las ineficiencias y errores que se pueden producir conllevan incremento de gastos y atrasos. Versi\u00f3n papel impresi\u00f3n a color calidad Premium ISBN 978-84-126082-2-9 P\u00e1ginas: 224 Tama\u00f1o: 21.59 x 1.3 x 21.59 cm","og_url":"https:\/\/mercerius.es\/producto\/el-reto-lean-en-comunicacion\/","og_site_name":"Merc\u00e8 rius","article_modified_time":"2024-02-01T09:33:00+00:00","og_image":[{"width":1200,"height":904,"url":"https:\/\/mercerius.es\/wp-content\/uploads\/2023\/11\/el-reto-lean.jpg","type":"image\/jpeg"}],"twitter_card":"summary_large_image","twitter_misc":{"Tiempo de lectura":"2 minutos"},"schema":{"@context":"https:\/\/schema.org","@graph":[{"@type":"WebPage","@id":"https:\/\/mercerius.es\/producto\/el-reto-lean-en-comunicacion\/","url":"https:\/\/mercerius.es\/producto\/el-reto-lean-en-comunicacion\/","name":"El reto Lean en comunicaci\u00f3n - Merc\u00e8 rius","isPartOf":{"@id":"https:\/\/mercerius.es\/#website"},"datePublished":"2023-11-21T10:15:58+00:00","dateModified":"2024-02-01T09:33:00+00:00","breadcrumb":{"@id":"https:\/\/mercerius.es\/producto\/el-reto-lean-en-comunicacion\/#breadcrumb"},"inLanguage":"es","potentialAction":[{"@type":"ReadAction","target":["https:\/\/mercerius.es\/producto\/el-reto-lean-en-comunicacion\/"]}]},{"@type":"BreadcrumbList","@id":"https:\/\/mercerius.es\/producto\/el-reto-lean-en-comunicacion\/#breadcrumb","itemListElement":[{"@type":"ListItem","position":1,"name":"Inici","item":"https:\/\/mercerius.es\/"},{"@type":"ListItem","position":2,"name":"Tienda","item":"https:\/\/mercerius.es\/tienda\/"},{"@type":"ListItem","position":3,"name":"El reto Lean en comunicaci\u00f3n"}]},{"@type":"WebSite","@id":"https:\/\/mercerius.es\/#website","url":"https:\/\/mercerius.es\/","name":"Merc\u00e8 rius","description":"","potentialAction":[{"@type":"SearchAction","target":{"@type":"EntryPoint","urlTemplate":"https:\/\/mercerius.es\/?s={search_term_string}"},"query-input":"required name=search_term_string"}],"inLanguage":"es"}]}},"_links":{"self":[{"href":"https:\/\/mercerius.es\/es\/wp-json\/wp\/v2\/product\/1476","targetHints":{"allow":["GET"]}}],"collection":[{"href":"https:\/\/mercerius.es\/es\/wp-json\/wp\/v2\/product"}],"about":[{"href":"https:\/\/mercerius.es\/es\/wp-json\/wp\/v2\/types\/product"}],"wp:featuredmedia":[{"embeddable":true,"href":"https:\/\/mercerius.es\/es\/wp-json\/wp\/v2\/media\/1298"}],"wp:attachment":[{"href":"https:\/\/mercerius.es\/es\/wp-json\/wp\/v2\/media?parent=1476"}],"wp:term":[{"taxonomy":"product_cat","embeddable":true,"href":"https:\/\/mercerius.es\/es\/wp-json\/wp\/v2\/product_cat?post=1476"},{"taxonomy":"product_tag","embeddable":true,"href":"https:\/\/mercerius.es\/es\/wp-json\/wp\/v2\/product_tag?post=1476"}],"curies":[{"name":"wp","href":"https:\/\/api.w.org\/{rel}","templated":true}]}}