{"id":1473,"date":"2023-11-21T12:06:36","date_gmt":"2023-11-21T11:06:36","guid":{"rendered":"https:\/\/mercerius.es\/producto\/comunicar-bien-para-liderar-mejor\/"},"modified":"2024-02-01T10:35:23","modified_gmt":"2024-02-01T09:35:23","slug":"comunicar-bien-para-liderar-mejor","status":"publish","type":"product","link":"https:\/\/mercerius.es\/es\/producto\/comunicar-bien-para-liderar-mejor\/","title":{"rendered":"Comunicar bien para liderar mejor"},"content":{"rendered":"<h2 class=\"product_title entry-title elementor-heading-title elementor-size-default\">Comunicar bien para liderar mejor<\/h2>\n<p>Los elementos que conforman el liderazgo colaborativo y que deben ser compartidos por todo proceso de comunicaci\u00f3n son:<\/p>\n<ul>\n<li>Estrategia<\/li>\n<li>Transparencia<\/li>\n<li>Compartir<\/li>\n<li>Crear valor<\/li>\n<\/ul>\n<p><strong><br \/>\n<em>Comunicar bien para liderar mejor <\/em><\/strong>quiere dar respuesta a cuestiones como:<\/p>\n<ul>\n<li>\u00bfC\u00f3mo se debe organizar la comunicaci\u00f3n de mi organizaci\u00f3n?<\/li>\n<li>\u00bfPor qu\u00e9 es necesario un plan de comunicaci\u00f3n?<\/li>\n<li>\u00bfCu\u00e1l es el proceso a seguir para hacer un plan de comunicaci\u00f3n?<\/li>\n<li>\u00bfTengo que hacer campa\u00f1a de publicidad para dar a conocer mis servicios o productos?<\/li>\n<li>\u00bfQu\u00e9 tipo de publicidad me conviene?<\/li>\n<li>La marca y su arquitectura<\/li>\n<li>\u00bfUna marca o varias?<\/li>\n<li>\u00bfMarketing y comunicaci\u00f3n o comunicaci\u00f3n y marketing?<\/li>\n<li>\u00bfCu\u00e1l es el proceso para desarrollar una campa\u00f1a de publicidad?<\/li>\n<li>\u00bfEn qu\u00e9 redes sociales tengo que estar presente?<\/li>\n<li>\u00bfC\u00f3mo preparar una organizaci\u00f3n para resolver una crisis?<\/li>\n<\/ul>\n<p>&nbsp;<\/p>\n<p>&nbsp;<\/p>\n<p>&nbsp;<\/p>\n","protected":false},"excerpt":{"rendered":"<p>El liderazgo establece el camino a seguir, dar a conocer la estrategia alinea objetivos. No se puede entender la comunicaci\u00f3n sin estrategia ni sin un proceso colaboraci\u00f3n.<\/p>\n<p>\u00bfQui\u00e9nes somos? \u00bfQue hacemos? \u00bfQue queremos? \u00bfHacia d\u00f3nde vamos?<\/p>\n<p><strong>Presentaci\u00f3n. Pere Oriol Costa<\/strong><br \/>\n<strong>Pr\u00f3logo. Xavier Ortu\u00f1o<\/strong><br \/>\n<strong>ISBN: <\/strong>978-84-17209-81-0 edici\u00f3n en catal\u00e1n<br \/>\n<strong>ISBN: <\/strong>978-84-17209-79-7 edici\u00f3n en castellano<br \/>\n<strong>Tama\u00f1o:<\/strong> 15.3 x 1.1 x 23 cm<br \/>\n<strong>P\u00e1ginas:<\/strong> 192<\/p>\n<div class=\"notranslate\" style=\"all: initial;\"><\/div>\n","protected":false},"featured_media":1297,"template":"","meta":[],"product_cat":[21],"product_tag":[],"class_list":["post-1473","product","type-product","status-publish","has-post-thumbnail","hentry","product_cat-sin-categorizar"],"acf":[],"yoast_head":"<!-- This site is optimized with the Yoast SEO plugin v21.9.1 - https:\/\/yoast.com\/wordpress\/plugins\/seo\/ -->\n<title>Comunicar bien para liderar mejor - Merc\u00e8 rius<\/title>\n<meta name=\"robots\" content=\"index, follow, max-snippet:-1, max-image-preview:large, max-video-preview:-1\" \/>\n<link rel=\"canonical\" href=\"https:\/\/mercerius.es\/producto\/comunicar-bien-para-liderar-mejor\/\" \/>\n<meta property=\"og:locale\" content=\"es_ES\" \/>\n<meta property=\"og:type\" content=\"article\" \/>\n<meta property=\"og:title\" content=\"Comunicar bien para liderar mejor - Merc\u00e8 rius\" \/>\n<meta property=\"og:description\" content=\"El liderazgo establece el camino a seguir, dar a conocer la estrategia alinea objetivos. No se puede entender la comunicaci\u00f3n sin estrategia ni sin un proceso colaboraci\u00f3n.  \u00bfQui\u00e9nes somos? \u00bfQue hacemos? \u00bfQue queremos? \u00bfHacia d\u00f3nde vamos?  Presentaci\u00f3n. Pere Oriol Costa Pr\u00f3logo. Xavier Ortu\u00f1o ISBN: 978-84-17209-81-0 edici\u00f3n en catal\u00e1n ISBN: 978-84-17209-79-7 edici\u00f3n en castellano Tama\u00f1o: 15.3 x 1.1 x 23 cm P\u00e1ginas: 192\" \/>\n<meta property=\"og:url\" content=\"https:\/\/mercerius.es\/producto\/comunicar-bien-para-liderar-mejor\/\" \/>\n<meta property=\"og:site_name\" content=\"Merc\u00e8 rius\" \/>\n<meta property=\"article:modified_time\" content=\"2024-02-01T09:35:23+00:00\" \/>\n<meta property=\"og:image\" content=\"https:\/\/mercerius.es\/wp-content\/uploads\/2023\/11\/comunicar-be-2.jpg\" \/>\n\t<meta property=\"og:image:width\" content=\"1200\" \/>\n\t<meta property=\"og:image:height\" content=\"904\" \/>\n\t<meta property=\"og:image:type\" content=\"image\/jpeg\" \/>\n<meta name=\"twitter:card\" content=\"summary_large_image\" \/>\n<meta name=\"twitter:label1\" content=\"Tiempo de lectura\" \/>\n\t<meta name=\"twitter:data1\" content=\"1 minuto\" \/>\n<script type=\"application\/ld+json\" class=\"yoast-schema-graph\">{\"@context\":\"https:\/\/schema.org\",\"@graph\":[{\"@type\":\"WebPage\",\"@id\":\"https:\/\/mercerius.es\/producto\/comunicar-bien-para-liderar-mejor\/\",\"url\":\"https:\/\/mercerius.es\/producto\/comunicar-bien-para-liderar-mejor\/\",\"name\":\"Comunicar bien para liderar mejor - Merc\u00e8 rius\",\"isPartOf\":{\"@id\":\"https:\/\/mercerius.es\/#website\"},\"datePublished\":\"2023-11-21T11:06:36+00:00\",\"dateModified\":\"2024-02-01T09:35:23+00:00\",\"breadcrumb\":{\"@id\":\"https:\/\/mercerius.es\/producto\/comunicar-bien-para-liderar-mejor\/#breadcrumb\"},\"inLanguage\":\"es\",\"potentialAction\":[{\"@type\":\"ReadAction\",\"target\":[\"https:\/\/mercerius.es\/producto\/comunicar-bien-para-liderar-mejor\/\"]}]},{\"@type\":\"BreadcrumbList\",\"@id\":\"https:\/\/mercerius.es\/producto\/comunicar-bien-para-liderar-mejor\/#breadcrumb\",\"itemListElement\":[{\"@type\":\"ListItem\",\"position\":1,\"name\":\"Inici\",\"item\":\"https:\/\/mercerius.es\/\"},{\"@type\":\"ListItem\",\"position\":2,\"name\":\"Tienda\",\"item\":\"https:\/\/mercerius.es\/tienda\/\"},{\"@type\":\"ListItem\",\"position\":3,\"name\":\"Comunicar bien para liderar mejor\"}]},{\"@type\":\"WebSite\",\"@id\":\"https:\/\/mercerius.es\/#website\",\"url\":\"https:\/\/mercerius.es\/\",\"name\":\"Merc\u00e8 rius\",\"description\":\"\",\"potentialAction\":[{\"@type\":\"SearchAction\",\"target\":{\"@type\":\"EntryPoint\",\"urlTemplate\":\"https:\/\/mercerius.es\/?s={search_term_string}\"},\"query-input\":\"required name=search_term_string\"}],\"inLanguage\":\"es\"}]}<\/script>\n<!-- \/ Yoast SEO plugin. -->","yoast_head_json":{"title":"Comunicar bien para liderar mejor - Merc\u00e8 rius","robots":{"index":"index","follow":"follow","max-snippet":"max-snippet:-1","max-image-preview":"max-image-preview:large","max-video-preview":"max-video-preview:-1"},"canonical":"https:\/\/mercerius.es\/producto\/comunicar-bien-para-liderar-mejor\/","og_locale":"es_ES","og_type":"article","og_title":"Comunicar bien para liderar mejor - Merc\u00e8 rius","og_description":"El liderazgo establece el camino a seguir, dar a conocer la estrategia alinea objetivos. No se puede entender la comunicaci\u00f3n sin estrategia ni sin un proceso colaboraci\u00f3n.  \u00bfQui\u00e9nes somos? \u00bfQue hacemos? \u00bfQue queremos? \u00bfHacia d\u00f3nde vamos?  Presentaci\u00f3n. Pere Oriol Costa Pr\u00f3logo. Xavier Ortu\u00f1o ISBN: 978-84-17209-81-0 edici\u00f3n en catal\u00e1n ISBN: 978-84-17209-79-7 edici\u00f3n en castellano Tama\u00f1o: 15.3 x 1.1 x 23 cm P\u00e1ginas: 192","og_url":"https:\/\/mercerius.es\/producto\/comunicar-bien-para-liderar-mejor\/","og_site_name":"Merc\u00e8 rius","article_modified_time":"2024-02-01T09:35:23+00:00","og_image":[{"width":1200,"height":904,"url":"https:\/\/mercerius.es\/wp-content\/uploads\/2023\/11\/comunicar-be-2.jpg","type":"image\/jpeg"}],"twitter_card":"summary_large_image","twitter_misc":{"Tiempo de lectura":"1 minuto"},"schema":{"@context":"https:\/\/schema.org","@graph":[{"@type":"WebPage","@id":"https:\/\/mercerius.es\/producto\/comunicar-bien-para-liderar-mejor\/","url":"https:\/\/mercerius.es\/producto\/comunicar-bien-para-liderar-mejor\/","name":"Comunicar bien para liderar mejor - Merc\u00e8 rius","isPartOf":{"@id":"https:\/\/mercerius.es\/#website"},"datePublished":"2023-11-21T11:06:36+00:00","dateModified":"2024-02-01T09:35:23+00:00","breadcrumb":{"@id":"https:\/\/mercerius.es\/producto\/comunicar-bien-para-liderar-mejor\/#breadcrumb"},"inLanguage":"es","potentialAction":[{"@type":"ReadAction","target":["https:\/\/mercerius.es\/producto\/comunicar-bien-para-liderar-mejor\/"]}]},{"@type":"BreadcrumbList","@id":"https:\/\/mercerius.es\/producto\/comunicar-bien-para-liderar-mejor\/#breadcrumb","itemListElement":[{"@type":"ListItem","position":1,"name":"Inici","item":"https:\/\/mercerius.es\/"},{"@type":"ListItem","position":2,"name":"Tienda","item":"https:\/\/mercerius.es\/tienda\/"},{"@type":"ListItem","position":3,"name":"Comunicar bien para liderar mejor"}]},{"@type":"WebSite","@id":"https:\/\/mercerius.es\/#website","url":"https:\/\/mercerius.es\/","name":"Merc\u00e8 rius","description":"","potentialAction":[{"@type":"SearchAction","target":{"@type":"EntryPoint","urlTemplate":"https:\/\/mercerius.es\/?s={search_term_string}"},"query-input":"required name=search_term_string"}],"inLanguage":"es"}]}},"_links":{"self":[{"href":"https:\/\/mercerius.es\/es\/wp-json\/wp\/v2\/product\/1473","targetHints":{"allow":["GET"]}}],"collection":[{"href":"https:\/\/mercerius.es\/es\/wp-json\/wp\/v2\/product"}],"about":[{"href":"https:\/\/mercerius.es\/es\/wp-json\/wp\/v2\/types\/product"}],"wp:featuredmedia":[{"embeddable":true,"href":"https:\/\/mercerius.es\/es\/wp-json\/wp\/v2\/media\/1297"}],"wp:attachment":[{"href":"https:\/\/mercerius.es\/es\/wp-json\/wp\/v2\/media?parent=1473"}],"wp:term":[{"taxonomy":"product_cat","embeddable":true,"href":"https:\/\/mercerius.es\/es\/wp-json\/wp\/v2\/product_cat?post=1473"},{"taxonomy":"product_tag","embeddable":true,"href":"https:\/\/mercerius.es\/es\/wp-json\/wp\/v2\/product_tag?post=1473"}],"curies":[{"name":"wp","href":"https:\/\/api.w.org\/{rel}","templated":true}]}}