{"id":1423,"date":"2023-11-21T09:54:58","date_gmt":"2023-11-21T08:54:58","guid":{"rendered":"https:\/\/mercerius.es\/quien-soy\/"},"modified":"2024-10-16T16:23:20","modified_gmt":"2024-10-16T14:23:20","slug":"quien-soy","status":"publish","type":"page","link":"https:\/\/mercerius.es\/es\/quien-soy\/","title":{"rendered":"Qui\u00e9n soy"},"content":{"rendered":"\t\t<div data-elementor-type=\"wp-page\" data-elementor-id=\"1423\" class=\"elementor elementor-1423 elementor-231\" data-elementor-post-type=\"page\">\n\t\t\t\t\t\t<section class=\"elementor-section elementor-top-section elementor-element elementor-element-408d8cc elementor-section-full_width elementor-section-height-default elementor-section-height-default\" data-id=\"408d8cc\" data-element_type=\"section\">\n\t\t\t\t\t\t<div class=\"elementor-container elementor-column-gap-no\">\n\t\t\t\t\t<div class=\"elementor-column elementor-col-100 elementor-top-column elementor-element elementor-element-1fff0bc\" data-id=\"1fff0bc\" data-element_type=\"column\" data-settings=\"{&quot;background_background&quot;:&quot;classic&quot;}\">\n\t\t\t<div class=\"elementor-widget-wrap elementor-element-populated\">\n\t\t\t\t\t<div class=\"elementor-background-overlay\"><\/div>\n\t\t\t\t\t\t<section class=\"elementor-section elementor-inner-section elementor-element elementor-element-245df2f elementor-section-boxed elementor-section-height-default elementor-section-height-default\" data-id=\"245df2f\" data-element_type=\"section\" data-settings=\"{&quot;background_background&quot;:&quot;classic&quot;}\">\n\t\t\t\t\t\t<div class=\"elementor-container elementor-column-gap-no\">\n\t\t\t\t\t<div class=\"elementor-column elementor-col-50 elementor-inner-column elementor-element elementor-element-f3ef319\" data-id=\"f3ef319\" data-element_type=\"column\">\n\t\t\t<div class=\"elementor-widget-wrap elementor-element-populated\">\n\t\t\t\t\t\t<div class=\"elementor-element elementor-element-de9c82a elementor-invisible elementor-widget elementor-widget-heading\" data-id=\"de9c82a\" data-element_type=\"widget\" data-settings=\"{&quot;_animation&quot;:&quot;fadeInUp&quot;,&quot;_animation_delay&quot;:100}\" data-widget_type=\"heading.default\">\n\t\t\t\t<div class=\"elementor-widget-container\">\n\t\t\t<h1 class=\"elementor-heading-title elementor-size-default\">Qui\u00e9n soy<\/h1>\t\t<\/div>\n\t\t\t\t<\/div>\n\t\t\t\t<div class=\"elementor-element elementor-element-28787f7 elementor-invisible elementor-widget elementor-widget-heading\" data-id=\"28787f7\" data-element_type=\"widget\" data-settings=\"{&quot;_animation&quot;:&quot;fadeInUp&quot;,&quot;_animation_delay&quot;:100}\" data-widget_type=\"heading.default\">\n\t\t\t\t<div class=\"elementor-widget-container\">\n\t\t\t<h2 class=\"elementor-heading-title elementor-size-default\">Arquitecta t\u00e9cnica y divulgadora de Lean y comunicaci\u00f3n<\/h2>\t\t<\/div>\n\t\t\t\t<\/div>\n\t\t\t\t<div class=\"elementor-element elementor-element-19c07b7 elementor-widget-mobile__width-initial elementor-widget elementor-widget-text-editor\" data-id=\"19c07b7\" data-element_type=\"widget\" data-widget_type=\"text-editor.default\">\n\t\t\t\t<div class=\"elementor-widget-container\">\n\t\t\t\t\t\t\t<p><strong>Merc\u00e8 Rius Almoyner.<\/strong>  Soy una mujer emprendedora y me gustan los retos. Actualmente, me dedico a divulgar la importancia de comunicar bien, ya sea desde estrategia, liderazgo, prever las crisis o desde el \u00e1mbito de Lean aplicando las herramientas de Lean para mejorar la comunicaci\u00f3n en los proyectos y procesos, porque supone eliminar todas aquellas acciones que no aportan nada, evitar los errores y repeticiones que se producen porque la comunicaci\u00f3n no es fluida o porque no se han establecido los canales adecuados para que la informaci\u00f3n flue.<\/p>\n\t\t\t\t\t\t<\/div>\n\t\t\t\t<\/div>\n\t\t\t\t\t<\/div>\n\t\t<\/div>\n\t\t\t\t<div class=\"elementor-column elementor-col-50 elementor-inner-column elementor-element elementor-element-d15b9a6\" data-id=\"d15b9a6\" data-element_type=\"column\">\n\t\t\t<div class=\"elementor-widget-wrap elementor-element-populated\">\n\t\t\t\t\t\t<div class=\"elementor-element elementor-element-2887c57 elementor-widget elementor-widget-image\" data-id=\"2887c57\" data-element_type=\"widget\" data-widget_type=\"image.default\">\n\t\t\t\t<div class=\"elementor-widget-container\">\n\t\t\t\t\t\t\t\t\t\t\t\t\t<img fetchpriority=\"high\" decoding=\"async\" width=\"956\" height=\"1436\" src=\"https:\/\/mercerius.es\/wp-content\/uploads\/2023\/11\/merce-rius.jpg\" class=\"attachment-full size-full wp-image-93\" alt=\"\" srcset=\"https:\/\/mercerius.es\/wp-content\/uploads\/2023\/11\/merce-rius.jpg 956w, https:\/\/mercerius.es\/wp-content\/uploads\/2023\/11\/merce-rius-900x1352.jpg 900w, https:\/\/mercerius.es\/wp-content\/uploads\/2023\/11\/merce-rius-200x300.jpg 200w, https:\/\/mercerius.es\/wp-content\/uploads\/2023\/11\/merce-rius-682x1024.jpg 682w, https:\/\/mercerius.es\/wp-content\/uploads\/2023\/11\/merce-rius-768x1154.jpg 768w\" sizes=\"(max-width: 956px) 100vw, 956px\" \/>\t\t\t\t\t\t\t\t\t\t\t\t\t<\/div>\n\t\t\t\t<\/div>\n\t\t\t\t\t<\/div>\n\t\t<\/div>\n\t\t\t\t\t<\/div>\n\t\t<\/section>\n\t\t\t\t\t<\/div>\n\t\t<\/div>\n\t\t\t\t\t<\/div>\n\t\t<\/section>\n\t\t\t\t<section class=\"elementor-section elementor-top-section elementor-element elementor-element-042c759 elementor-section-boxed elementor-section-height-default elementor-section-height-default\" data-id=\"042c759\" data-element_type=\"section\">\n\t\t\t\t\t\t<div class=\"elementor-container elementor-column-gap-default\">\n\t\t\t\t\t<div class=\"elementor-column elementor-col-100 elementor-top-column elementor-element elementor-element-b5d6397\" data-id=\"b5d6397\" data-element_type=\"column\">\n\t\t\t<div class=\"elementor-widget-wrap elementor-element-populated\">\n\t\t\t\t\t\t<div class=\"elementor-element elementor-element-3748abb5 elementor-widget elementor-widget-text-editor\" data-id=\"3748abb5\" data-element_type=\"widget\" data-widget_type=\"text-editor.default\">\n\t\t\t\t<div class=\"elementor-widget-container\">\n\t\t\t\t\t\t\t<p>Me parece que puedo decir que adem\u00e1s de agradarme los retos tambi\u00e9n soy atrevida, s\u00f3lo as\u00ed se puede entender que en el a\u00f1o 1981 aceptara ser responsable de la Editorial de  <a href=\"https:\/\/itec.cat\/\" target=\"_blank\" rel=\"noopener\"><em><strong>el ITeC<\/strong><\/em><\/a>  con un desconocimiento total del proceso de edici\u00f3n de una publicaci\u00f3n o aterrizar en Pequin sola en 1985 sin saber ni una palabra de chino.<\/p>\n\t\t\t\t\t\t<\/div>\n\t\t\t\t<\/div>\n\t\t\t\t<div class=\"elementor-element elementor-element-12043b43 elementor-widget elementor-widget-text-editor\" data-id=\"12043b43\" data-element_type=\"widget\" data-widget_type=\"text-editor.default\">\n\t\t\t\t<div class=\"elementor-widget-container\">\n\t\t\t\t\t\t\t<p>Mi proyecto actual es dar a conocer los beneficios y ventajas que supone gestionar bien la comunicaci\u00f3n ya sea de una organizaci\u00f3n o de un equipo de trabajo.<\/p>\n\t\t\t\t\t\t<\/div>\n\t\t\t\t<\/div>\n\t\t\t\t<div class=\"elementor-element elementor-element-40e634f2 elementor-widget elementor-widget-text-editor\" data-id=\"40e634f2\" data-element_type=\"widget\" data-widget_type=\"text-editor.default\">\n\t\t\t\t<div class=\"elementor-widget-container\">\n\t\t\t\t\t\t\t<p>Me gusta la excelencia y por lo tanto el trabajo bien hecho, por eso soy una entusiasta tanto de la comunicaci\u00f3n como del Lean, de esta manera de trabajar colaborativa, transparente y encaminada hacia la mejora continua. Lean comunicaci\u00f3n aporta soluciones y mejoras con el fin de evitar los problemas y errores que se producen cuando la informaci\u00f3n no fluye adecuadamente.<\/p>\n<p>Tengo una formaci\u00f3n socio-pol\u00edtica, hice Arquitectura T\u00e9cnica (1976-1979), la licenciatura de Geograf\u00eda e Historia en la especialidad de arte (1985), me especialic\u00e9 en Esade en Marketing en 1996 y en Direcci\u00f3n de Comunicaci\u00f3n en el a\u00f1o 2000. Pero ten\u00eda ganas de hacer investigaci\u00f3n, y por eso sigui\u00f3 el programa de doctorado en la Facultad de Ciencias de la Comunicaci\u00f3n de la UAB obteniendo en 2013 el DEA (Diploma de Estudios Avanzados) con un estudio sobre el estudio.<em>Organizaci\u00f3n de la comunicaci\u00f3n en los centros tecnol\u00f3gicos en Catalu\u00f1a<\/em>  dirigido por el Dr. Pere Oriol Costa. Estoy colegiada en el <a href=\"https:\/\/www.cateb.cat\/\">Cateb<\/a> soy socia <a href=\"https:\/\/www.ateneubcn.org\/\">del Ateneo Barcelon\u00e8s<\/a> y <a href=\"https:\/\/www.omnium.cat\/ca\/\">de Omnium Cultural<\/a><\/p>\n<p>Soy autora del libro <i><a href=\"https:\/\/www.profiteditorial.com\/libro\/comunicar-be-per-liderar-millor\/\" target=\"_blank\" rel=\"noopener\"><b>Comunicar bien para liderar mejor<\/b><\/a><\/i> (2019) editado en catal\u00e1n y castellano por Profit y coautora con Sam Yankelevitch del libro<b><i> <\/i><\/b><a href=\"https:\/\/www.samyankelevitch.com\/\" target=\"_blank\" rel=\"noopener\"><b><i>El reto Lean en comunicaci\u00f3n.<\/i><br>  <\/b><br><\/a><\/p>\n<p>Con una larga experiencia profesional en instituciones del \u00e1mbito del dise\u00f1o y la construcci\u00f3n, actualmente mi actividad profesional est\u00e1 orientada a actividades de formaci\u00f3n y promoci\u00f3n relacionadas con la comunicaci\u00f3n y el Lean.<\/p>\t\t\t\t\t\t<\/div>\n\t\t\t\t<\/div>\n\t\t\t\t\t<\/div>\n\t\t<\/div>\n\t\t\t\t\t<\/div>\n\t\t<\/section>\n\t\t\t\t<\/div>\n\t\t","protected":false},"excerpt":{"rendered":"<p>Qui\u00e9n soy Arquitecta t\u00e9cnica y divulgadora de Lean y comunicaci\u00f3n Merc\u00e8 Rius Almoyner. Soy una mujer emprendedora y me gustan los retos. Actualmente, me dedico a divulgar la importancia de comunicar bien, ya sea desde estrategia, liderazgo, prever las crisis o desde el \u00e1mbito de Lean aplicando las herramientas de Lean para mejorar la comunicaci\u00f3n [&hellip;]<\/p>\n","protected":false},"author":2,"featured_media":0,"parent":0,"menu_order":0,"comment_status":"closed","ping_status":"closed","template":"elementor_header_footer","meta":{"footnotes":""},"class_list":["post-1423","page","type-page","status-publish","hentry"],"acf":[],"yoast_head":"<!-- This site is optimized with the Yoast SEO plugin v21.9.1 - https:\/\/yoast.com\/wordpress\/plugins\/seo\/ -->\n<title>\u25b7 Merc\u00e8 Rius Almoyner - Qui\u00e9n soy<\/title>\n<meta name=\"robots\" content=\"index, follow, max-snippet:-1, max-image-preview:large, max-video-preview:-1\" \/>\n<link rel=\"canonical\" href=\"https:\/\/mercerius.es\/qui-soc\/\" \/>\n<meta property=\"og:locale\" content=\"es_ES\" \/>\n<meta property=\"og:type\" content=\"article\" \/>\n<meta property=\"og:title\" content=\"\u25b7 Merc\u00e8 Rius Almoyner - Qui\u00e9n soy\" \/>\n<meta property=\"og:description\" content=\"Qui\u00e9n soy Arquitecta t\u00e9cnica y divulgadora de Lean y comunicaci\u00f3n Merc\u00e8 Rius Almoyner. Soy una mujer emprendedora y me gustan los retos. Actualmente, me dedico a divulgar la importancia de comunicar bien, ya sea desde estrategia, liderazgo, prever las crisis o desde el \u00e1mbito de Lean aplicando las herramientas de Lean para mejorar la comunicaci\u00f3n [&hellip;]\" \/>\n<meta property=\"og:url\" content=\"https:\/\/mercerius.es\/qui-soc\/\" \/>\n<meta property=\"og:site_name\" content=\"Merc\u00e8 rius\" \/>\n<meta property=\"article:modified_time\" content=\"2024-10-16T14:23:20+00:00\" \/>\n<meta property=\"og:image\" content=\"https:\/\/mercerius.es\/wp-content\/uploads\/2023\/11\/merce-rius.jpg\" \/>\n<meta name=\"twitter:card\" content=\"summary_large_image\" \/>\n<meta name=\"twitter:label1\" content=\"Tiempo de lectura\" \/>\n\t<meta name=\"twitter:data1\" content=\"3 minutos\" \/>\n<script type=\"application\/ld+json\" class=\"yoast-schema-graph\">{\"@context\":\"https:\/\/schema.org\",\"@graph\":[{\"@type\":\"WebPage\",\"@id\":\"https:\/\/mercerius.es\/qui-soc\/\",\"url\":\"https:\/\/mercerius.es\/qui-soc\/\",\"name\":\"\u25b7 Merc\u00e8 Rius Almoyner - Qui\u00e9n soy\",\"isPartOf\":{\"@id\":\"https:\/\/mercerius.es\/#website\"},\"datePublished\":\"2023-11-21T08:54:58+00:00\",\"dateModified\":\"2024-10-16T14:23:20+00:00\",\"breadcrumb\":{\"@id\":\"https:\/\/mercerius.es\/qui-soc\/#breadcrumb\"},\"inLanguage\":\"es\",\"potentialAction\":[{\"@type\":\"ReadAction\",\"target\":[\"https:\/\/mercerius.es\/qui-soc\/\"]}]},{\"@type\":\"BreadcrumbList\",\"@id\":\"https:\/\/mercerius.es\/qui-soc\/#breadcrumb\",\"itemListElement\":[{\"@type\":\"ListItem\",\"position\":1,\"name\":\"Inici\",\"item\":\"https:\/\/mercerius.es\/\"},{\"@type\":\"ListItem\",\"position\":2,\"name\":\"Qui\u00e9n soy\"}]},{\"@type\":\"WebSite\",\"@id\":\"https:\/\/mercerius.es\/#website\",\"url\":\"https:\/\/mercerius.es\/\",\"name\":\"Merc\u00e8 rius\",\"description\":\"\",\"potentialAction\":[{\"@type\":\"SearchAction\",\"target\":{\"@type\":\"EntryPoint\",\"urlTemplate\":\"https:\/\/mercerius.es\/?s={search_term_string}\"},\"query-input\":\"required name=search_term_string\"}],\"inLanguage\":\"es\"}]}<\/script>\n<!-- \/ Yoast SEO plugin. -->","yoast_head_json":{"title":"\u25b7 Merc\u00e8 Rius Almoyner - Qui\u00e9n soy","robots":{"index":"index","follow":"follow","max-snippet":"max-snippet:-1","max-image-preview":"max-image-preview:large","max-video-preview":"max-video-preview:-1"},"canonical":"https:\/\/mercerius.es\/qui-soc\/","og_locale":"es_ES","og_type":"article","og_title":"\u25b7 Merc\u00e8 Rius Almoyner - Qui\u00e9n soy","og_description":"Qui\u00e9n soy Arquitecta t\u00e9cnica y divulgadora de Lean y comunicaci\u00f3n Merc\u00e8 Rius Almoyner. Soy una mujer emprendedora y me gustan los retos. Actualmente, me dedico a divulgar la importancia de comunicar bien, ya sea desde estrategia, liderazgo, prever las crisis o desde el \u00e1mbito de Lean aplicando las herramientas de Lean para mejorar la comunicaci\u00f3n [&hellip;]","og_url":"https:\/\/mercerius.es\/qui-soc\/","og_site_name":"Merc\u00e8 rius","article_modified_time":"2024-10-16T14:23:20+00:00","og_image":[{"url":"https:\/\/mercerius.es\/wp-content\/uploads\/2023\/11\/merce-rius.jpg"}],"twitter_card":"summary_large_image","twitter_misc":{"Tiempo de lectura":"3 minutos"},"schema":{"@context":"https:\/\/schema.org","@graph":[{"@type":"WebPage","@id":"https:\/\/mercerius.es\/qui-soc\/","url":"https:\/\/mercerius.es\/qui-soc\/","name":"\u25b7 Merc\u00e8 Rius Almoyner - Qui\u00e9n soy","isPartOf":{"@id":"https:\/\/mercerius.es\/#website"},"datePublished":"2023-11-21T08:54:58+00:00","dateModified":"2024-10-16T14:23:20+00:00","breadcrumb":{"@id":"https:\/\/mercerius.es\/qui-soc\/#breadcrumb"},"inLanguage":"es","potentialAction":[{"@type":"ReadAction","target":["https:\/\/mercerius.es\/qui-soc\/"]}]},{"@type":"BreadcrumbList","@id":"https:\/\/mercerius.es\/qui-soc\/#breadcrumb","itemListElement":[{"@type":"ListItem","position":1,"name":"Inici","item":"https:\/\/mercerius.es\/"},{"@type":"ListItem","position":2,"name":"Qui\u00e9n soy"}]},{"@type":"WebSite","@id":"https:\/\/mercerius.es\/#website","url":"https:\/\/mercerius.es\/","name":"Merc\u00e8 rius","description":"","potentialAction":[{"@type":"SearchAction","target":{"@type":"EntryPoint","urlTemplate":"https:\/\/mercerius.es\/?s={search_term_string}"},"query-input":"required name=search_term_string"}],"inLanguage":"es"}]}},"_links":{"self":[{"href":"https:\/\/mercerius.es\/es\/wp-json\/wp\/v2\/pages\/1423","targetHints":{"allow":["GET"]}}],"collection":[{"href":"https:\/\/mercerius.es\/es\/wp-json\/wp\/v2\/pages"}],"about":[{"href":"https:\/\/mercerius.es\/es\/wp-json\/wp\/v2\/types\/page"}],"author":[{"embeddable":true,"href":"https:\/\/mercerius.es\/es\/wp-json\/wp\/v2\/users\/2"}],"replies":[{"embeddable":true,"href":"https:\/\/mercerius.es\/es\/wp-json\/wp\/v2\/comments?post=1423"}],"version-history":[{"count":12,"href":"https:\/\/mercerius.es\/es\/wp-json\/wp\/v2\/pages\/1423\/revisions"}],"predecessor-version":[{"id":1699,"href":"https:\/\/mercerius.es\/es\/wp-json\/wp\/v2\/pages\/1423\/revisions\/1699"}],"wp:attachment":[{"href":"https:\/\/mercerius.es\/es\/wp-json\/wp\/v2\/media?parent=1423"}],"curies":[{"name":"wp","href":"https:\/\/api.w.org\/{rel}","templated":true}]}}