{"id":1417,"date":"2024-01-10T09:49:03","date_gmt":"2024-01-10T08:49:03","guid":{"rendered":"https:\/\/mercerius.es\/blog\/"},"modified":"2024-10-16T16:12:56","modified_gmt":"2024-10-16T14:12:56","slug":"blog","status":"publish","type":"page","link":"https:\/\/mercerius.es\/es\/blog\/","title":{"rendered":"Blog"},"content":{"rendered":"\t\t<div data-elementor-type=\"wp-page\" data-elementor-id=\"1417\" class=\"elementor elementor-1417 elementor-543\" data-elementor-post-type=\"page\">\n\t\t\t\t\t\t<section class=\"elementor-section elementor-top-section elementor-element elementor-element-bcc9c59 elementor-section-full_width elementor-section-height-default elementor-section-height-default\" data-id=\"bcc9c59\" data-element_type=\"section\">\n\t\t\t\t\t\t<div class=\"elementor-container elementor-column-gap-no\">\n\t\t\t\t\t<div class=\"elementor-column elementor-col-100 elementor-top-column elementor-element elementor-element-270a1e4\" data-id=\"270a1e4\" data-element_type=\"column\" data-settings=\"{&quot;background_background&quot;:&quot;classic&quot;}\">\n\t\t\t<div class=\"elementor-widget-wrap elementor-element-populated\">\n\t\t\t\t\t<div class=\"elementor-background-overlay\"><\/div>\n\t\t\t\t\t\t<section class=\"elementor-section elementor-inner-section elementor-element elementor-element-5c708bd elementor-section-boxed elementor-section-height-default elementor-section-height-default\" data-id=\"5c708bd\" data-element_type=\"section\" data-settings=\"{&quot;background_background&quot;:&quot;classic&quot;}\">\n\t\t\t\t\t\t<div class=\"elementor-container elementor-column-gap-no\">\n\t\t\t\t\t<div class=\"elementor-column elementor-col-100 elementor-inner-column elementor-element elementor-element-11663e6\" data-id=\"11663e6\" data-element_type=\"column\">\n\t\t\t<div class=\"elementor-widget-wrap elementor-element-populated\">\n\t\t\t\t\t\t<div class=\"elementor-element elementor-element-ab07363 elementor-invisible elementor-widget elementor-widget-heading\" data-id=\"ab07363\" data-element_type=\"widget\" data-settings=\"{&quot;_animation&quot;:&quot;fadeInUp&quot;,&quot;_animation_delay&quot;:100}\" data-widget_type=\"heading.default\">\n\t\t\t\t<div class=\"elementor-widget-container\">\n\t\t\t<h1 class=\"elementor-heading-title elementor-size-default\">Blog<\/h1>\t\t<\/div>\n\t\t\t\t<\/div>\n\t\t\t\t\t<\/div>\n\t\t<\/div>\n\t\t\t\t\t<\/div>\n\t\t<\/section>\n\t\t\t\t\t<\/div>\n\t\t<\/div>\n\t\t\t\t\t<\/div>\n\t\t<\/section>\n\t\t\t\t<section class=\"elementor-section elementor-top-section elementor-element elementor-element-04085aa elementor-section-full_width elementor-section-height-default elementor-section-height-default\" data-id=\"04085aa\" data-element_type=\"section\">\n\t\t\t\t\t\t<div class=\"elementor-container elementor-column-gap-wide\">\n\t\t\t\t\t<div class=\"elementor-column elementor-col-33 elementor-top-column elementor-element elementor-element-8bbf9ab\" data-id=\"8bbf9ab\" data-element_type=\"column\">\n\t\t\t<div class=\"elementor-widget-wrap elementor-element-populated\">\n\t\t\t\t\t\t<div class=\"elementor-element elementor-element-1f827e6 elementor-widget elementor-widget-image\" data-id=\"1f827e6\" data-element_type=\"widget\" data-widget_type=\"image.default\">\n\t\t\t\t<div class=\"elementor-widget-container\">\n\t\t\t\t\t\t\t\t\t\t\t\t\t<img fetchpriority=\"high\" decoding=\"async\" width=\"821\" height=\"821\" src=\"https:\/\/mercerius.es\/wp-content\/uploads\/2024\/01\/z.png\" class=\"attachment-full size-full wp-image-551\" alt=\"\" srcset=\"https:\/\/mercerius.es\/wp-content\/uploads\/2024\/01\/z.png 821w, https:\/\/mercerius.es\/wp-content\/uploads\/2024\/01\/z-300x300.png 300w, https:\/\/mercerius.es\/wp-content\/uploads\/2024\/01\/z-150x150.png 150w, https:\/\/mercerius.es\/wp-content\/uploads\/2024\/01\/z-768x768.png 768w, https:\/\/mercerius.es\/wp-content\/uploads\/2024\/01\/z-600x600.png 600w, https:\/\/mercerius.es\/wp-content\/uploads\/2024\/01\/z-100x100.png 100w\" sizes=\"(max-width: 821px) 100vw, 821px\" \/>\t\t\t\t\t\t\t\t\t\t\t\t\t<\/div>\n\t\t\t\t<\/div>\n\t\t\t\t<section class=\"elementor-section elementor-inner-section elementor-element elementor-element-f945380 elementor-section-boxed elementor-section-height-default elementor-section-height-default\" data-id=\"f945380\" data-element_type=\"section\" data-settings=\"{&quot;background_background&quot;:&quot;classic&quot;}\">\n\t\t\t\t\t\t<div class=\"elementor-container elementor-column-gap-default\">\n\t\t\t\t\t<div class=\"elementor-column elementor-col-100 elementor-inner-column elementor-element elementor-element-b281b76\" data-id=\"b281b76\" data-element_type=\"column\">\n\t\t\t<div class=\"elementor-widget-wrap elementor-element-populated\">\n\t\t\t\t\t\t<div class=\"elementor-element elementor-element-b919fe5 elementor-widget elementor-widget-heading\" data-id=\"b919fe5\" data-element_type=\"widget\" data-widget_type=\"heading.default\">\n\t\t\t\t<div class=\"elementor-widget-container\">\n\t\t\t<h2 class=\"elementor-heading-title elementor-size-default\">Lean Office, la clave en la mejora contin\u00faa en administraci\u00f3n y servicios<\/h2>\t\t<\/div>\n\t\t\t\t<\/div>\n\t\t\t\t<div class=\"elementor-element elementor-element-b6a0fba elementor-widget elementor-widget-text-editor\" data-id=\"b6a0fba\" data-element_type=\"widget\" data-widget_type=\"text-editor.default\">\n\t\t\t\t<div class=\"elementor-widget-container\">\n\t\t\t\t\t\t\t<p>Aunque el Lean comenz\u00f3 con el Sistema de Producci\u00f3n Toyota y durante muchos a\u00f1os era un sistema exclusivo en procesos industriales, esto cambi\u00f3 con la publicaci\u00f3n de \u00abLa m\u00e1quina que cambi\u00f3 el mundo\u00bb<\/p>\n\t\t\t\t\t\t<\/div>\n\t\t\t\t<\/div>\n\t\t\t\t<div class=\"elementor-element elementor-element-a6f7133 elementor-align-center elementor-widget__width-inherit elementor-widget elementor-widget-button\" data-id=\"a6f7133\" data-element_type=\"widget\" data-widget_type=\"button.default\">\n\t\t\t\t<div class=\"elementor-widget-container\">\n\t\t\t\t\t<div class=\"elementor-button-wrapper\">\n\t\t\t<a class=\"elementor-button elementor-button-link elementor-size-sm\" href=\"https:\/\/mercerius.es\/es\/lean-office-la-clave-en-la-mejora-continua-en-administracion-y-servicios\/\">\n\t\t\t\t\t\t<span class=\"elementor-button-content-wrapper\">\n\t\t\t\t\t\t<span class=\"elementor-button-icon\">\n\t\t\t\t<i aria-hidden=\"true\" class=\"jki jki-plus-line\"><\/i>\t\t\t<\/span>\n\t\t\t\t\t\t\t\t<\/span>\n\t\t\t\t\t<\/a>\n\t\t<\/div>\n\t\t\t\t<\/div>\n\t\t\t\t<\/div>\n\t\t\t\t\t<\/div>\n\t\t<\/div>\n\t\t\t\t\t<\/div>\n\t\t<\/section>\n\t\t\t\t\t<\/div>\n\t\t<\/div>\n\t\t\t\t<div class=\"elementor-column elementor-col-33 elementor-top-column elementor-element elementor-element-265ea8a\" data-id=\"265ea8a\" data-element_type=\"column\">\n\t\t\t<div class=\"elementor-widget-wrap elementor-element-populated\">\n\t\t\t\t\t\t<div class=\"elementor-element elementor-element-f9e1370 elementor-widget elementor-widget-image\" data-id=\"f9e1370\" data-element_type=\"widget\" data-widget_type=\"image.default\">\n\t\t\t\t<div class=\"elementor-widget-container\">\n\t\t\t\t\t\t\t\t\t\t\t\t\t<img decoding=\"async\" width=\"570\" height=\"785\" src=\"https:\/\/mercerius.es\/wp-content\/uploads\/2024\/01\/Foto-0.jpg\" class=\"attachment-full size-full wp-image-549\" alt=\"\" srcset=\"https:\/\/mercerius.es\/wp-content\/uploads\/2024\/01\/Foto-0.jpg 570w, https:\/\/mercerius.es\/wp-content\/uploads\/2024\/01\/Foto-0-218x300.jpg 218w\" sizes=\"(max-width: 570px) 100vw, 570px\" \/>\t\t\t\t\t\t\t\t\t\t\t\t\t<\/div>\n\t\t\t\t<\/div>\n\t\t\t\t<section class=\"elementor-section elementor-inner-section elementor-element elementor-element-68216fa elementor-section-boxed elementor-section-height-default elementor-section-height-default\" data-id=\"68216fa\" data-element_type=\"section\" data-settings=\"{&quot;background_background&quot;:&quot;classic&quot;}\">\n\t\t\t\t\t\t<div class=\"elementor-container elementor-column-gap-default\">\n\t\t\t\t\t<div class=\"elementor-column elementor-col-100 elementor-inner-column elementor-element elementor-element-f9717d8\" data-id=\"f9717d8\" data-element_type=\"column\">\n\t\t\t<div class=\"elementor-widget-wrap elementor-element-populated\">\n\t\t\t\t\t\t<div class=\"elementor-element elementor-element-ae2f791 elementor-widget elementor-widget-heading\" data-id=\"ae2f791\" data-element_type=\"widget\" data-widget_type=\"heading.default\">\n\t\t\t\t<div class=\"elementor-widget-container\">\n\t\t\t<h2 class=\"elementor-heading-title elementor-size-default\">\u00bfY si hablamos de Lean Comunicaci\u00f3n en la construcci\u00f3n?<\/h2>\t\t<\/div>\n\t\t\t\t<\/div>\n\t\t\t\t<div class=\"elementor-element elementor-element-744d7f0 elementor-widget elementor-widget-text-editor\" data-id=\"744d7f0\" data-element_type=\"widget\" data-widget_type=\"text-editor.default\">\n\t\t\t\t<div class=\"elementor-widget-container\">\n\t\t\t\t\t\t\t<p>Lean es filosof\u00eda que genera una estrategia para ayudar a encontrar soluciones sostenibles que eviten que los mismos problemas se repitan. Lean se basa en crear valor y eliminar lo que es superfluo. El objetivo de Lean se<\/p>\n\t\t\t\t\t\t<\/div>\n\t\t\t\t<\/div>\n\t\t\t\t<div class=\"elementor-element elementor-element-6607f33 elementor-align-center elementor-widget__width-inherit elementor-widget elementor-widget-button\" data-id=\"6607f33\" data-element_type=\"widget\" data-widget_type=\"button.default\">\n\t\t\t\t<div class=\"elementor-widget-container\">\n\t\t\t\t\t<div class=\"elementor-button-wrapper\">\n\t\t\t<a class=\"elementor-button elementor-button-link elementor-size-sm\" href=\"https:\/\/mercerius.es\/es\/y-si-hablamos-de-lean-comunicacion-en-la-construccion\/\">\n\t\t\t\t\t\t<span class=\"elementor-button-content-wrapper\">\n\t\t\t\t\t\t<span class=\"elementor-button-icon\">\n\t\t\t\t<i aria-hidden=\"true\" class=\"jki jki-plus-line\"><\/i>\t\t\t<\/span>\n\t\t\t\t\t\t\t\t<\/span>\n\t\t\t\t\t<\/a>\n\t\t<\/div>\n\t\t\t\t<\/div>\n\t\t\t\t<\/div>\n\t\t\t\t\t<\/div>\n\t\t<\/div>\n\t\t\t\t\t<\/div>\n\t\t<\/section>\n\t\t\t\t\t<\/div>\n\t\t<\/div>\n\t\t\t\t<div class=\"elementor-column elementor-col-33 elementor-top-column elementor-element elementor-element-698dc98\" data-id=\"698dc98\" data-element_type=\"column\">\n\t\t\t<div class=\"elementor-widget-wrap elementor-element-populated\">\n\t\t\t\t\t\t<div class=\"elementor-element elementor-element-bc8e7ba elementor-widget elementor-widget-image\" data-id=\"bc8e7ba\" data-element_type=\"widget\" data-widget_type=\"image.default\">\n\t\t\t\t<div class=\"elementor-widget-container\">\n\t\t\t\t\t\t\t\t\t\t\t\t\t<img decoding=\"async\" width=\"284\" height=\"224\" src=\"https:\/\/mercerius.es\/wp-content\/uploads\/2024\/01\/ImatgeArticleMerce-.jpg\" class=\"attachment-full size-full wp-image-548\" alt=\"\" \/>\t\t\t\t\t\t\t\t\t\t\t\t\t<\/div>\n\t\t\t\t<\/div>\n\t\t\t\t<section class=\"elementor-section elementor-inner-section elementor-element elementor-element-12f3986 elementor-section-boxed elementor-section-height-default elementor-section-height-default\" data-id=\"12f3986\" data-element_type=\"section\" data-settings=\"{&quot;background_background&quot;:&quot;classic&quot;}\">\n\t\t\t\t\t\t<div class=\"elementor-container elementor-column-gap-default\">\n\t\t\t\t\t<div class=\"elementor-column elementor-col-100 elementor-inner-column elementor-element elementor-element-7db902d\" data-id=\"7db902d\" data-element_type=\"column\">\n\t\t\t<div class=\"elementor-widget-wrap elementor-element-populated\">\n\t\t\t\t\t\t<div class=\"elementor-element elementor-element-a41b7c3 elementor-widget elementor-widget-heading\" data-id=\"a41b7c3\" data-element_type=\"widget\" data-widget_type=\"heading.default\">\n\t\t\t\t<div class=\"elementor-widget-container\">\n\t\t\t<h2 class=\"elementor-heading-title elementor-size-default\">Beneficios de Lean Comunicaci\u00f3n en el proceso constructivo<\/h2>\t\t<\/div>\n\t\t\t\t<\/div>\n\t\t\t\t<div class=\"elementor-element elementor-element-b610cb1 elementor-widget elementor-widget-text-editor\" data-id=\"b610cb1\" data-element_type=\"widget\" data-widget_type=\"text-editor.default\">\n\t\t\t\t<div class=\"elementor-widget-container\">\n\t\t\t\t\t\t\t<p>La difusi\u00f3n de la filosof\u00eda Lean a nivel global se ha extendido pr\u00e1cticamente a todos los \u00e1mbitos. En el sector de la construcci\u00f3n se han desarrollado herramientas propias, como el Last Planner System (LPS) o los contratos colaborativos (IPD).<\/p>\n\t\t\t\t\t\t<\/div>\n\t\t\t\t<\/div>\n\t\t\t\t<div class=\"elementor-element elementor-element-61fc407 elementor-align-center elementor-widget__width-inherit elementor-widget elementor-widget-button\" data-id=\"61fc407\" data-element_type=\"widget\" data-widget_type=\"button.default\">\n\t\t\t\t<div class=\"elementor-widget-container\">\n\t\t\t\t\t<div class=\"elementor-button-wrapper\">\n\t\t\t<a class=\"elementor-button elementor-button-link elementor-size-sm\" href=\"https:\/\/mercerius.es\/es\/beneficios-de-lean-comunicacion-en-el-proceso-constructivo\/\">\n\t\t\t\t\t\t<span class=\"elementor-button-content-wrapper\">\n\t\t\t\t\t\t<span class=\"elementor-button-icon\">\n\t\t\t\t<i aria-hidden=\"true\" class=\"jki jki-plus-line\"><\/i>\t\t\t<\/span>\n\t\t\t\t\t\t\t\t<\/span>\n\t\t\t\t\t<\/a>\n\t\t<\/div>\n\t\t\t\t<\/div>\n\t\t\t\t<\/div>\n\t\t\t\t\t<\/div>\n\t\t<\/div>\n\t\t\t\t\t<\/div>\n\t\t<\/section>\n\t\t\t\t\t<\/div>\n\t\t<\/div>\n\t\t\t\t\t<\/div>\n\t\t<\/section>\n\t\t\t\t<section class=\"elementor-section elementor-top-section elementor-element elementor-element-9864511 elementor-section-full_width elementor-section-height-default elementor-section-height-default\" data-id=\"9864511\" data-element_type=\"section\">\n\t\t\t\t\t\t<div class=\"elementor-container elementor-column-gap-wide\">\n\t\t\t\t\t<div class=\"elementor-column elementor-col-33 elementor-top-column elementor-element elementor-element-d1941d9\" data-id=\"d1941d9\" data-element_type=\"column\">\n\t\t\t<div class=\"elementor-widget-wrap elementor-element-populated\">\n\t\t\t\t\t\t<div class=\"elementor-element elementor-element-cac5356 elementor-widget elementor-widget-image\" data-id=\"cac5356\" data-element_type=\"widget\" data-widget_type=\"image.default\">\n\t\t\t\t<div class=\"elementor-widget-container\">\n\t\t\t\t\t\t\t\t\t\t\t\t\t<img loading=\"lazy\" decoding=\"async\" width=\"791\" height=\"445\" src=\"https:\/\/mercerius.es\/wp-content\/uploads\/2024\/01\/contart22_twitter_cabecera.png\" class=\"attachment-full size-full wp-image-550\" alt=\"\" srcset=\"https:\/\/mercerius.es\/wp-content\/uploads\/2024\/01\/contart22_twitter_cabecera.png 791w, https:\/\/mercerius.es\/wp-content\/uploads\/2024\/01\/contart22_twitter_cabecera-300x169.png 300w, https:\/\/mercerius.es\/wp-content\/uploads\/2024\/01\/contart22_twitter_cabecera-768x432.png 768w\" sizes=\"(max-width: 791px) 100vw, 791px\" \/>\t\t\t\t\t\t\t\t\t\t\t\t\t<\/div>\n\t\t\t\t<\/div>\n\t\t\t\t<section class=\"elementor-section elementor-inner-section elementor-element elementor-element-a6420fb elementor-section-boxed elementor-section-height-default elementor-section-height-default\" data-id=\"a6420fb\" data-element_type=\"section\" data-settings=\"{&quot;background_background&quot;:&quot;classic&quot;}\">\n\t\t\t\t\t\t<div class=\"elementor-container elementor-column-gap-default\">\n\t\t\t\t\t<div class=\"elementor-column elementor-col-100 elementor-inner-column elementor-element elementor-element-750b0df\" data-id=\"750b0df\" data-element_type=\"column\">\n\t\t\t<div class=\"elementor-widget-wrap elementor-element-populated\">\n\t\t\t\t\t\t<div class=\"elementor-element elementor-element-2b67225 elementor-widget elementor-widget-heading\" data-id=\"2b67225\" data-element_type=\"widget\" data-widget_type=\"heading.default\">\n\t\t\t\t<div class=\"elementor-widget-container\">\n\t\t\t<h2 class=\"elementor-heading-title elementor-size-default\">Recursos que aporta Lean para mejorar el flujo de informaci\u00f3n en una obra de rehabilitaci\u00f3n<\/h2>\t\t<\/div>\n\t\t\t\t<\/div>\n\t\t\t\t<div class=\"elementor-element elementor-element-b7539d4 elementor-widget elementor-widget-text-editor\" data-id=\"b7539d4\" data-element_type=\"widget\" data-widget_type=\"text-editor.default\">\n\t\t\t\t<div class=\"elementor-widget-container\">\n\t\t\t\t\t\t\t<p>El flujo de informaci\u00f3n o comunicaci\u00f3n en una obra de rehabilitaci\u00f3n va m\u00e1s all\u00e1 de los documentos del proyecto, supone tambi\u00e9n la gesti\u00f3n de la documentaci\u00f3n y la comunicaci\u00f3n de todos los agentes implicados en la obra.<\/p>\n\t\t\t\t\t\t<\/div>\n\t\t\t\t<\/div>\n\t\t\t\t<div class=\"elementor-element elementor-element-38093d2 elementor-align-center elementor-widget__width-inherit elementor-widget elementor-widget-button\" data-id=\"38093d2\" data-element_type=\"widget\" data-widget_type=\"button.default\">\n\t\t\t\t<div class=\"elementor-widget-container\">\n\t\t\t\t\t<div class=\"elementor-button-wrapper\">\n\t\t\t<a class=\"elementor-button elementor-button-link elementor-size-sm\" href=\"https:\/\/mercerius.es\/es\/recursos-que-aporta-lean-para-mejorar-el-flujo-de-informacion-en-una-obra-de-rehabilitacion\/\">\n\t\t\t\t\t\t<span class=\"elementor-button-content-wrapper\">\n\t\t\t\t\t\t<span class=\"elementor-button-icon\">\n\t\t\t\t<i aria-hidden=\"true\" class=\"jki jki-plus-line\"><\/i>\t\t\t<\/span>\n\t\t\t\t\t\t\t\t<\/span>\n\t\t\t\t\t<\/a>\n\t\t<\/div>\n\t\t\t\t<\/div>\n\t\t\t\t<\/div>\n\t\t\t\t\t<\/div>\n\t\t<\/div>\n\t\t\t\t\t<\/div>\n\t\t<\/section>\n\t\t\t\t\t<\/div>\n\t\t<\/div>\n\t\t\t\t<div class=\"elementor-column elementor-col-33 elementor-top-column elementor-element elementor-element-387eaed\" data-id=\"387eaed\" data-element_type=\"column\">\n\t\t\t<div class=\"elementor-widget-wrap\">\n\t\t\t\t\t\t\t<\/div>\n\t\t<\/div>\n\t\t\t\t<div class=\"elementor-column elementor-col-33 elementor-top-column elementor-element elementor-element-6a263aa\" data-id=\"6a263aa\" data-element_type=\"column\">\n\t\t\t<div class=\"elementor-widget-wrap\">\n\t\t\t\t\t\t\t<\/div>\n\t\t<\/div>\n\t\t\t\t\t<\/div>\n\t\t<\/section>\n\t\t\t\t<\/div>\n\t\t","protected":false},"excerpt":{"rendered":"<p>Blog Lean Office, la clave en la mejora contin\u00faa en administraci\u00f3n y servicios Aunque el Lean comenz\u00f3 con el Sistema de Producci\u00f3n Toyota y durante muchos a\u00f1os era un sistema exclusivo en procesos industriales, esto cambi\u00f3 con la publicaci\u00f3n de \u00abLa m\u00e1quina que cambi\u00f3 el mundo\u00bb \u00bfY si hablamos de Lean Comunicaci\u00f3n en la construcci\u00f3n? [&hellip;]<\/p>\n","protected":false},"author":2,"featured_media":0,"parent":0,"menu_order":0,"comment_status":"closed","ping_status":"closed","template":"elementor_header_footer","meta":{"footnotes":""},"class_list":["post-1417","page","type-page","status-publish","hentry"],"acf":[],"yoast_head":"<!-- This site is optimized with the Yoast SEO plugin v21.9.1 - https:\/\/yoast.com\/wordpress\/plugins\/seo\/ -->\n<title>\u25b7 Merc\u00e8 Rius Almoyner - Blog<\/title>\n<meta name=\"robots\" content=\"index, follow, max-snippet:-1, max-image-preview:large, max-video-preview:-1\" \/>\n<link rel=\"canonical\" href=\"https:\/\/mercerius.es\/blog\/\" \/>\n<meta property=\"og:locale\" content=\"es_ES\" \/>\n<meta property=\"og:type\" content=\"article\" \/>\n<meta property=\"og:title\" content=\"\u25b7 Merc\u00e8 Rius Almoyner - Blog\" \/>\n<meta property=\"og:description\" content=\"Blog Lean Office, la clave en la mejora contin\u00faa en administraci\u00f3n y servicios Aunque el Lean comenz\u00f3 con el Sistema de Producci\u00f3n Toyota y durante muchos a\u00f1os era un sistema exclusivo en procesos industriales, esto cambi\u00f3 con la publicaci\u00f3n de \u00abLa m\u00e1quina que cambi\u00f3 el mundo\u00bb \u00bfY si hablamos de Lean Comunicaci\u00f3n en la construcci\u00f3n? [&hellip;]\" \/>\n<meta property=\"og:url\" content=\"https:\/\/mercerius.es\/blog\/\" \/>\n<meta property=\"og:site_name\" content=\"Merc\u00e8 rius\" \/>\n<meta property=\"article:modified_time\" content=\"2024-10-16T14:12:56+00:00\" \/>\n<meta property=\"og:image\" content=\"https:\/\/mercerius.es\/wp-content\/uploads\/2024\/01\/z.png\" \/>\n<meta name=\"twitter:card\" content=\"summary_large_image\" \/>\n<meta name=\"twitter:label1\" content=\"Tiempo de lectura\" \/>\n\t<meta name=\"twitter:data1\" content=\"2 minutos\" \/>\n<script type=\"application\/ld+json\" class=\"yoast-schema-graph\">{\"@context\":\"https:\/\/schema.org\",\"@graph\":[{\"@type\":\"WebPage\",\"@id\":\"https:\/\/mercerius.es\/blog\/\",\"url\":\"https:\/\/mercerius.es\/blog\/\",\"name\":\"\u25b7 Merc\u00e8 Rius Almoyner - Blog\",\"isPartOf\":{\"@id\":\"https:\/\/mercerius.es\/#website\"},\"datePublished\":\"2024-01-10T08:49:03+00:00\",\"dateModified\":\"2024-10-16T14:12:56+00:00\",\"breadcrumb\":{\"@id\":\"https:\/\/mercerius.es\/blog\/#breadcrumb\"},\"inLanguage\":\"es\",\"potentialAction\":[{\"@type\":\"ReadAction\",\"target\":[\"https:\/\/mercerius.es\/blog\/\"]}]},{\"@type\":\"BreadcrumbList\",\"@id\":\"https:\/\/mercerius.es\/blog\/#breadcrumb\",\"itemListElement\":[{\"@type\":\"ListItem\",\"position\":1,\"name\":\"Inici\",\"item\":\"https:\/\/mercerius.es\/\"},{\"@type\":\"ListItem\",\"position\":2,\"name\":\"Blog\"}]},{\"@type\":\"WebSite\",\"@id\":\"https:\/\/mercerius.es\/#website\",\"url\":\"https:\/\/mercerius.es\/\",\"name\":\"Merc\u00e8 rius\",\"description\":\"\",\"potentialAction\":[{\"@type\":\"SearchAction\",\"target\":{\"@type\":\"EntryPoint\",\"urlTemplate\":\"https:\/\/mercerius.es\/?s={search_term_string}\"},\"query-input\":\"required name=search_term_string\"}],\"inLanguage\":\"es\"}]}<\/script>\n<!-- \/ Yoast SEO plugin. -->","yoast_head_json":{"title":"\u25b7 Merc\u00e8 Rius Almoyner - Blog","robots":{"index":"index","follow":"follow","max-snippet":"max-snippet:-1","max-image-preview":"max-image-preview:large","max-video-preview":"max-video-preview:-1"},"canonical":"https:\/\/mercerius.es\/blog\/","og_locale":"es_ES","og_type":"article","og_title":"\u25b7 Merc\u00e8 Rius Almoyner - Blog","og_description":"Blog Lean Office, la clave en la mejora contin\u00faa en administraci\u00f3n y servicios Aunque el Lean comenz\u00f3 con el Sistema de Producci\u00f3n Toyota y durante muchos a\u00f1os era un sistema exclusivo en procesos industriales, esto cambi\u00f3 con la publicaci\u00f3n de \u00abLa m\u00e1quina que cambi\u00f3 el mundo\u00bb \u00bfY si hablamos de Lean Comunicaci\u00f3n en la construcci\u00f3n? [&hellip;]","og_url":"https:\/\/mercerius.es\/blog\/","og_site_name":"Merc\u00e8 rius","article_modified_time":"2024-10-16T14:12:56+00:00","og_image":[{"url":"https:\/\/mercerius.es\/wp-content\/uploads\/2024\/01\/z.png"}],"twitter_card":"summary_large_image","twitter_misc":{"Tiempo de lectura":"2 minutos"},"schema":{"@context":"https:\/\/schema.org","@graph":[{"@type":"WebPage","@id":"https:\/\/mercerius.es\/blog\/","url":"https:\/\/mercerius.es\/blog\/","name":"\u25b7 Merc\u00e8 Rius Almoyner - Blog","isPartOf":{"@id":"https:\/\/mercerius.es\/#website"},"datePublished":"2024-01-10T08:49:03+00:00","dateModified":"2024-10-16T14:12:56+00:00","breadcrumb":{"@id":"https:\/\/mercerius.es\/blog\/#breadcrumb"},"inLanguage":"es","potentialAction":[{"@type":"ReadAction","target":["https:\/\/mercerius.es\/blog\/"]}]},{"@type":"BreadcrumbList","@id":"https:\/\/mercerius.es\/blog\/#breadcrumb","itemListElement":[{"@type":"ListItem","position":1,"name":"Inici","item":"https:\/\/mercerius.es\/"},{"@type":"ListItem","position":2,"name":"Blog"}]},{"@type":"WebSite","@id":"https:\/\/mercerius.es\/#website","url":"https:\/\/mercerius.es\/","name":"Merc\u00e8 rius","description":"","potentialAction":[{"@type":"SearchAction","target":{"@type":"EntryPoint","urlTemplate":"https:\/\/mercerius.es\/?s={search_term_string}"},"query-input":"required name=search_term_string"}],"inLanguage":"es"}]}},"_links":{"self":[{"href":"https:\/\/mercerius.es\/es\/wp-json\/wp\/v2\/pages\/1417","targetHints":{"allow":["GET"]}}],"collection":[{"href":"https:\/\/mercerius.es\/es\/wp-json\/wp\/v2\/pages"}],"about":[{"href":"https:\/\/mercerius.es\/es\/wp-json\/wp\/v2\/types\/page"}],"author":[{"embeddable":true,"href":"https:\/\/mercerius.es\/es\/wp-json\/wp\/v2\/users\/2"}],"replies":[{"embeddable":true,"href":"https:\/\/mercerius.es\/es\/wp-json\/wp\/v2\/comments?post=1417"}],"version-history":[{"count":21,"href":"https:\/\/mercerius.es\/es\/wp-json\/wp\/v2\/pages\/1417\/revisions"}],"predecessor-version":[{"id":1672,"href":"https:\/\/mercerius.es\/es\/wp-json\/wp\/v2\/pages\/1417\/revisions\/1672"}],"wp:attachment":[{"href":"https:\/\/mercerius.es\/es\/wp-json\/wp\/v2\/media?parent=1417"}],"curies":[{"name":"wp","href":"https:\/\/api.w.org\/{rel}","templated":true}]}}