{"id":1349,"date":"2024-01-11T10:21:44","date_gmt":"2024-01-11T09:21:44","guid":{"rendered":"https:\/\/mercerius.es\/politica-de-privacidad\/"},"modified":"2024-04-03T12:20:59","modified_gmt":"2024-04-03T10:20:59","slug":"politica-de-privacidad","status":"publish","type":"page","link":"https:\/\/mercerius.es\/es\/politica-de-privacidad\/","title":{"rendered":"Pol\u00edtica de Privacidad"},"content":{"rendered":"\t\t<div data-elementor-type=\"wp-page\" data-elementor-id=\"1349\" class=\"elementor elementor-1349 elementor-857\" data-elementor-post-type=\"page\">\n\t\t\t\t\t\t<section class=\"elementor-section elementor-top-section elementor-element elementor-element-929f2b9 elementor-section-boxed elementor-section-height-default elementor-section-height-default\" data-id=\"929f2b9\" data-element_type=\"section\">\n\t\t\t\t\t\t<div class=\"elementor-container elementor-column-gap-default\">\n\t\t\t\t\t<div class=\"elementor-column elementor-col-100 elementor-top-column elementor-element elementor-element-7d37092\" data-id=\"7d37092\" data-element_type=\"column\">\n\t\t\t<div class=\"elementor-widget-wrap elementor-element-populated\">\n\t\t\t\t\t\t<div class=\"elementor-element elementor-element-fa6621d elementor-widget elementor-widget-heading\" data-id=\"fa6621d\" data-element_type=\"widget\" data-widget_type=\"heading.default\">\n\t\t\t\t<div class=\"elementor-widget-container\">\n\t\t\t<h2 class=\"elementor-heading-title elementor-size-default\">Pol\u00edtica de Privacidad<\/h2>\t\t<\/div>\n\t\t\t\t<\/div>\n\t\t\t\t<div class=\"elementor-element elementor-element-c5c6b4a elementor-widget elementor-widget-spacer\" data-id=\"c5c6b4a\" data-element_type=\"widget\" data-widget_type=\"spacer.default\">\n\t\t\t\t<div class=\"elementor-widget-container\">\n\t\t\t\t\t<div class=\"elementor-spacer\">\n\t\t\t<div class=\"elementor-spacer-inner\"><\/div>\n\t\t<\/div>\n\t\t\t\t<\/div>\n\t\t\t\t<\/div>\n\t\t\t\t<div class=\"elementor-element elementor-element-ce98846 elementor-widget elementor-widget-text-editor\" data-id=\"ce98846\" data-element_type=\"widget\" data-widget_type=\"text-editor.default\">\n\t\t\t\t<div class=\"elementor-widget-container\">\n\t\t\t\t\t\t\t<p><b>MERC\u00c8 RIUS ALMOYNER<\/b> est\u00e1 especialmente sensibilizada en la protecci\u00f3n de datos de car\u00e1cter personal de los Usuarios de los servicios del sitio web. Mediante la presente Pol\u00edtica de Privacidad (en adelante, la Pol\u00edtica) <b>MERC\u00c8 RIUS ALMOYNER<\/b> informa a los USUARIOS de este sitio web, de los usos a los que se someten los datos de car\u00e1cter personal que se recaudan en sitio web, con la finalidad de que decidan, libre y voluntariamente, si desean facilitar la informaci\u00f3n solicitada.<\/p>\n<p><b>MERC\u00c8 RIUS ALMOYNER<\/b> se reserva la facultad de modificar esta Pol\u00edtica con el fin de adaptarla a novedades legislativas, criterios jurisprudenciales, pr\u00e1cticas del sector, o intereses de la entidad. Cualquier modificaci\u00f3n en la misma ser\u00e1 anunciada con la debida antelaci\u00f3n, a fin de que tenga perfecto conocimiento de su contenido.<\/p>\n<p><strong>RESPONSABLE<\/strong><\/p>\n<p>El Responsable del Tratamiento de los datos de car\u00e1cter personal es:<\/p>\n<p>Identidad: <b>MERC\u00c8 RIUS ALMOYNER<\/b> con CIF\/NIF: <strong>37271837S<\/strong>, en adelante ENTIDAD<\/p>\n<p>Direcci\u00f3n: <b>Passeig Sant Joan 159, 4\u00ba 1\u00aa 08037 Barcelona<\/b><\/p>\n<p>E-mail: <b>info@mercerius.es<\/b><\/p>\n<p><strong>FINALIDAD DEL TRATAMIENTO<\/strong><\/p>\n<p>La recogida y tratamiento de los datos personales recogidos a trav\u00e9s del formulario de contacto, tiene como finalidad la gesti\u00f3n, administraci\u00f3n, prestaci\u00f3n, ampliaci\u00f3n y mejora de los servicios prestados por <b>MERC\u00c8 RIUS ALMOYNER<\/b> , dadas las solicitudes de informaci\u00f3n y\/o consultas planteadas.<\/p>\n<p><strong>PLAZO DE CONSERVACI\u00d3N<\/strong><\/p>\n<p>Los datos personales proporcionados se conservar\u00e1n durante el plazo correspondiente para cumplir con las obligaciones legales, o hasta que se solicite su supresi\u00f3n por el interesado y \u00e9ste est\u00e9 legitimado para ello.<\/p>\n<p><strong>LEGITIMACI\u00d3N<\/strong><\/p>\n<p><b>MERC\u00c8 RIUS ALMOYNER<\/b> est\u00e1 legitimado al tratamiento de datos personales, en base al consentimiento otorgado por el interesado para uno o varias finalidades espec\u00edficas, tal y como recoge el art\u00edculo 6.1.a) del Reglamento General de Protecci\u00f3n de datos personales.<\/p>\n<p><strong>DESTINATARIOS<\/strong><\/p>\n<p>Los datos personales recabados no ser\u00e1n cedidos o comunicados a otros terceros, excepto en los supuestos necesarios para el desarrollo, control y cumplimiento de la\/s finalidad\/es expresada\/s, en los supuestos previstos seg\u00fan Ley, as\u00ed como en los casos espec\u00edficos, de los que se informe expresamente al Usuario.<\/p>\n<p><strong>DERECHOS DE LOS USUARIOS<\/strong>: \u00bfCu\u00e1les son sus derechos cuando nos facilita sus datos?<\/p>\n<p><strong>Acceso<\/strong>: &nbsp;El interesado tiene derecho a saber qu\u00e9 datos est\u00e1 tratando la ENTIDAD sobre \u00e9l.<\/p>\n<p><strong>Rectificaci\u00f3n<\/strong>: El interesado tiene derecho a solicitar la rectificaci\u00f3n de los datos inexactos.<\/p>\n<p><strong>Supresi\u00f3n<\/strong>: El interesado tiene derecho a solicitar la supresi\u00f3n de sus datos cuando, entro otros motivos, los datos no sean necesarios para las finalidades que fueron recogidos.<\/p>\n<p><strong>Limitaci\u00f3n<\/strong> del tratamiento: En determinadas circunstancias el interesado podr\u00e1 solicitar la limitaci\u00f3n del tratamiento de sus datos, en cuyo caso \u00fanicamente los conservaremos para el ejercicio o la defensa de reclamaciones.<\/p>\n<p><strong>Oposici\u00f3n<\/strong>: En determinadas circunstancias el interesado podr\u00e1 oponerse al tratamiento de sus datos. En este caso la ENTIDAD dejar\u00e1 de tratar sus datos, excepto por motivos leg\u00edtimos imperiosos o el ejercicio o la defensa de posibles reclamaciones.<\/p>\n<p><strong>Portabilidad de los datos<\/strong>: S\u00f3lo aplicable a datos automatizados y consiste en pasar los datos desde la ENTIDAD a otro nuevo RESPONSABLE DEL TRATAMIENTO (no al interesado y por solicitud del mismo).<\/p>\n<p>Puede usted ejercer sus derechos incluido el derecho a retirar su consentimiento (si \u00e9ste fue otorgado) enviando un escrito acompa\u00f1ado de su DNI a <b>MERC\u00c8 RIUS ALMOYNER<\/b> en <b>Paseo San Juan 159, 4\u00ba 1\u00aa 08037 Barcelona <\/b>o enviando un e-mail a <b>info@mercerius.es<\/b><\/p>\n<p>Adem\u00e1s tiene usted derecho a presentar una reclamaci\u00f3n ante la Autoridad de Control en materia de Protecci\u00f3n de Datos, actualmente la Agencia Espa\u00f1ola de Protecci\u00f3n de Datos.<\/p>\n<p><strong>MEDIDAS DE SEGURIDAD<\/strong><\/p>\n<p>El responsable del tratamiento <b>MERC\u00c8 RIUS ALMOYNER<\/b> aplicar\u00e1 medidas t\u00e9cnicas y organizativas apropiadas para garantizar un nivel de seguridad adecuado al riesgo del mismo.<\/p>\n<p><strong>TRANSFERENCIAS INTERNACIONALES<\/strong><\/p>\n<p>No se realizan transferencias internacionales.<\/p>\n<p><strong>PERFILES Y TOMAS DE DECISIONES AUTOMATIZADAS<\/strong><\/p>\n<p>No se elaboran perfiles, No se toman decisiones automatizadas con los datos facilitados por el usuario.<\/p>\t\t\t\t\t\t<\/div>\n\t\t\t\t<\/div>\n\t\t\t\t\t<\/div>\n\t\t<\/div>\n\t\t\t\t\t<\/div>\n\t\t<\/section>\n\t\t\t\t<\/div>\n\t\t","protected":false},"excerpt":{"rendered":"<p>Pol\u00edtica de Privacidad MERC\u00c8 RIUS ALMOYNER est\u00e1 especialmente sensibilizada en la protecci\u00f3n de datos de car\u00e1cter personal de los Usuarios de los servicios del sitio web. Mediante la presente Pol\u00edtica de Privacidad (en adelante, la Pol\u00edtica) MERC\u00c8 RIUS ALMOYNER informa a los USUARIOS de este sitio web, de los usos a los que se someten [&hellip;]<\/p>\n","protected":false},"author":2,"featured_media":0,"parent":0,"menu_order":0,"comment_status":"closed","ping_status":"closed","template":"elementor_header_footer","meta":{"footnotes":""},"class_list":["post-1349","page","type-page","status-publish","hentry"],"acf":[],"yoast_head":"<!-- This site is optimized with the Yoast SEO plugin v21.9.1 - https:\/\/yoast.com\/wordpress\/plugins\/seo\/ -->\n<title>Pol\u00edtica de Privacidad - Merc\u00e8 rius<\/title>\n<meta name=\"robots\" content=\"noindex, nofollow\" \/>\n<meta property=\"og:locale\" content=\"es_ES\" \/>\n<meta property=\"og:type\" content=\"article\" \/>\n<meta property=\"og:title\" content=\"Pol\u00edtica de Privacidad - Merc\u00e8 rius\" \/>\n<meta property=\"og:description\" content=\"Pol\u00edtica de Privacidad MERC\u00c8 RIUS ALMOYNER est\u00e1 especialmente sensibilizada en la protecci\u00f3n de datos de car\u00e1cter personal de los Usuarios de los servicios del sitio web. Mediante la presente Pol\u00edtica de Privacidad (en adelante, la Pol\u00edtica) MERC\u00c8 RIUS ALMOYNER informa a los USUARIOS de este sitio web, de los usos a los que se someten [&hellip;]\" \/>\n<meta property=\"og:url\" content=\"https:\/\/mercerius.es\/es\/politica-de-privacidad\/\" \/>\n<meta property=\"og:site_name\" content=\"Merc\u00e8 rius\" \/>\n<meta property=\"article:modified_time\" content=\"2024-04-03T10:20:59+00:00\" \/>\n<meta name=\"twitter:card\" content=\"summary_large_image\" \/>\n<meta name=\"twitter:label1\" content=\"Tiempo de lectura\" \/>\n\t<meta name=\"twitter:data1\" content=\"4 minutos\" \/>\n<script type=\"application\/ld+json\" class=\"yoast-schema-graph\">{\"@context\":\"https:\/\/schema.org\",\"@graph\":[{\"@type\":\"WebPage\",\"@id\":\"https:\/\/mercerius.es\/es\/politica-de-privacidad\/\",\"url\":\"https:\/\/mercerius.es\/es\/politica-de-privacidad\/\",\"name\":\"Pol\u00edtica de Privacidad - Merc\u00e8 rius\",\"isPartOf\":{\"@id\":\"https:\/\/mercerius.es\/#website\"},\"datePublished\":\"2024-01-11T09:21:44+00:00\",\"dateModified\":\"2024-04-03T10:20:59+00:00\",\"breadcrumb\":{\"@id\":\"https:\/\/mercerius.es\/es\/politica-de-privacidad\/#breadcrumb\"},\"inLanguage\":\"es\",\"potentialAction\":[{\"@type\":\"ReadAction\",\"target\":[\"https:\/\/mercerius.es\/es\/politica-de-privacidad\/\"]}]},{\"@type\":\"BreadcrumbList\",\"@id\":\"https:\/\/mercerius.es\/es\/politica-de-privacidad\/#breadcrumb\",\"itemListElement\":[{\"@type\":\"ListItem\",\"position\":1,\"name\":\"Inici\",\"item\":\"https:\/\/mercerius.es\/\"},{\"@type\":\"ListItem\",\"position\":2,\"name\":\"Pol\u00edtica de Privacidad\"}]},{\"@type\":\"WebSite\",\"@id\":\"https:\/\/mercerius.es\/#website\",\"url\":\"https:\/\/mercerius.es\/\",\"name\":\"Merc\u00e8 rius\",\"description\":\"\",\"potentialAction\":[{\"@type\":\"SearchAction\",\"target\":{\"@type\":\"EntryPoint\",\"urlTemplate\":\"https:\/\/mercerius.es\/?s={search_term_string}\"},\"query-input\":\"required name=search_term_string\"}],\"inLanguage\":\"es\"}]}<\/script>\n<!-- \/ Yoast SEO plugin. -->","yoast_head_json":{"title":"Pol\u00edtica de Privacidad - Merc\u00e8 rius","robots":{"index":"noindex","follow":"nofollow"},"og_locale":"es_ES","og_type":"article","og_title":"Pol\u00edtica de Privacidad - Merc\u00e8 rius","og_description":"Pol\u00edtica de Privacidad MERC\u00c8 RIUS ALMOYNER est\u00e1 especialmente sensibilizada en la protecci\u00f3n de datos de car\u00e1cter personal de los Usuarios de los servicios del sitio web. Mediante la presente Pol\u00edtica de Privacidad (en adelante, la Pol\u00edtica) MERC\u00c8 RIUS ALMOYNER informa a los USUARIOS de este sitio web, de los usos a los que se someten [&hellip;]","og_url":"https:\/\/mercerius.es\/es\/politica-de-privacidad\/","og_site_name":"Merc\u00e8 rius","article_modified_time":"2024-04-03T10:20:59+00:00","twitter_card":"summary_large_image","twitter_misc":{"Tiempo de lectura":"4 minutos"},"schema":{"@context":"https:\/\/schema.org","@graph":[{"@type":"WebPage","@id":"https:\/\/mercerius.es\/es\/politica-de-privacidad\/","url":"https:\/\/mercerius.es\/es\/politica-de-privacidad\/","name":"Pol\u00edtica de Privacidad - Merc\u00e8 rius","isPartOf":{"@id":"https:\/\/mercerius.es\/#website"},"datePublished":"2024-01-11T09:21:44+00:00","dateModified":"2024-04-03T10:20:59+00:00","breadcrumb":{"@id":"https:\/\/mercerius.es\/es\/politica-de-privacidad\/#breadcrumb"},"inLanguage":"es","potentialAction":[{"@type":"ReadAction","target":["https:\/\/mercerius.es\/es\/politica-de-privacidad\/"]}]},{"@type":"BreadcrumbList","@id":"https:\/\/mercerius.es\/es\/politica-de-privacidad\/#breadcrumb","itemListElement":[{"@type":"ListItem","position":1,"name":"Inici","item":"https:\/\/mercerius.es\/"},{"@type":"ListItem","position":2,"name":"Pol\u00edtica de Privacidad"}]},{"@type":"WebSite","@id":"https:\/\/mercerius.es\/#website","url":"https:\/\/mercerius.es\/","name":"Merc\u00e8 rius","description":"","potentialAction":[{"@type":"SearchAction","target":{"@type":"EntryPoint","urlTemplate":"https:\/\/mercerius.es\/?s={search_term_string}"},"query-input":"required name=search_term_string"}],"inLanguage":"es"}]}},"_links":{"self":[{"href":"https:\/\/mercerius.es\/es\/wp-json\/wp\/v2\/pages\/1349","targetHints":{"allow":["GET"]}}],"collection":[{"href":"https:\/\/mercerius.es\/es\/wp-json\/wp\/v2\/pages"}],"about":[{"href":"https:\/\/mercerius.es\/es\/wp-json\/wp\/v2\/types\/page"}],"author":[{"embeddable":true,"href":"https:\/\/mercerius.es\/es\/wp-json\/wp\/v2\/users\/2"}],"replies":[{"embeddable":true,"href":"https:\/\/mercerius.es\/es\/wp-json\/wp\/v2\/comments?post=1349"}],"version-history":[{"count":3,"href":"https:\/\/mercerius.es\/es\/wp-json\/wp\/v2\/pages\/1349\/revisions"}],"predecessor-version":[{"id":1360,"href":"https:\/\/mercerius.es\/es\/wp-json\/wp\/v2\/pages\/1349\/revisions\/1360"}],"wp:attachment":[{"href":"https:\/\/mercerius.es\/es\/wp-json\/wp\/v2\/media?parent=1349"}],"curies":[{"name":"wp","href":"https:\/\/api.w.org\/{rel}","templated":true}]}}