{"id":1344,"date":"2024-01-11T10:16:58","date_gmt":"2024-01-11T09:16:58","guid":{"rendered":"https:\/\/mercerius.es\/aviso-legal\/"},"modified":"2024-04-03T12:20:41","modified_gmt":"2024-04-03T10:20:41","slug":"aviso-legal","status":"publish","type":"page","link":"https:\/\/mercerius.es\/es\/aviso-legal\/","title":{"rendered":"Aviso Legal"},"content":{"rendered":"\t\t<div data-elementor-type=\"wp-page\" data-elementor-id=\"1344\" class=\"elementor elementor-1344 elementor-851\" data-elementor-post-type=\"page\">\n\t\t\t\t\t\t<section class=\"elementor-section elementor-top-section elementor-element elementor-element-929f2b9 elementor-section-boxed elementor-section-height-default elementor-section-height-default\" data-id=\"929f2b9\" data-element_type=\"section\">\n\t\t\t\t\t\t<div class=\"elementor-container elementor-column-gap-default\">\n\t\t\t\t\t<div class=\"elementor-column elementor-col-100 elementor-top-column elementor-element elementor-element-7d37092\" data-id=\"7d37092\" data-element_type=\"column\">\n\t\t\t<div class=\"elementor-widget-wrap elementor-element-populated\">\n\t\t\t\t\t\t<div class=\"elementor-element elementor-element-fa6621d elementor-widget elementor-widget-heading\" data-id=\"fa6621d\" data-element_type=\"widget\" data-widget_type=\"heading.default\">\n\t\t\t\t<div class=\"elementor-widget-container\">\n\t\t\t<h2 class=\"elementor-heading-title elementor-size-default\">Aviso Legal<\/h2>\t\t<\/div>\n\t\t\t\t<\/div>\n\t\t\t\t<div class=\"elementor-element elementor-element-c5c6b4a elementor-widget elementor-widget-spacer\" data-id=\"c5c6b4a\" data-element_type=\"widget\" data-widget_type=\"spacer.default\">\n\t\t\t\t<div class=\"elementor-widget-container\">\n\t\t\t\t\t<div class=\"elementor-spacer\">\n\t\t\t<div class=\"elementor-spacer-inner\"><\/div>\n\t\t<\/div>\n\t\t\t\t<\/div>\n\t\t\t\t<\/div>\n\t\t\t\t<div class=\"elementor-element elementor-element-ce98846 elementor-widget elementor-widget-text-editor\" data-id=\"ce98846\" data-element_type=\"widget\" data-widget_type=\"text-editor.default\">\n\t\t\t\t<div class=\"elementor-widget-container\">\n\t\t\t\t\t\t\t<p><b>Denominaci\u00f3n Social: MERC\u00c8 RIUS ALMOYNER<br><\/b><\/p>\n<p><b>Nombre Comercial: Merc\u00e8 Rius<br><\/b><\/p>\n<p><b>Domicilio Social: Paseo Sant Joan 159, 4\u00ba 1\u00aa 08037 Barcelona<\/b><\/p>\n<p><b>CIF \/ NIF: 37271837S<\/b><\/p>\n<p><b>e-Mail: info@mercerius.es<\/b><\/p>\n<p><b>Objeto<\/b><\/p>\n<p>El prestador, responsable del sitio web, pone a disposici\u00f3n de los usuarios este documento con el que pretende dar cumplimiento a las obligaciones dispuestas en la Ley 34\/2002, de Servicios de la Sociedad de la Informaci\u00f3n y del Comercio Electr\u00f3nico (LSSI-CE ), as\u00ed como informar a todos los usuarios del sitio web respecto a cu\u00e1les son las condiciones due\u00f1as del sitio web.<\/p>\n<p>Toda persona que acceda a este sitio web asume el papel de usuario, comprometi\u00e9ndose a la observancia y el cumplimiento riguroso de las disposiciones aqu\u00ed dispuestas, as\u00ed como a cualquier otra disposici\u00f3n legal que fuera aplicable.<\/p>\n<p>El prestador se reserva el derecho a modificar cualquier tipo de informaci\u00f3n que pudiera aparecer en el sitio web, sin que exista obligaci\u00f3n de preavisar o poner en conocimiento de los usuarios dichas obligaciones, entendi\u00e9ndose como suficiente con la publicaci\u00f3n en el sitio web del prestador.<\/p>\n<p><b>Responsabilidad<\/b><\/p>\n<p>El prestador se exime de cualquier tipo de responsabilidad derivada de la informaci\u00f3n publicada en vuestro sitio web, siempre que esta informaci\u00f3n haya sido manipulada o introducida por un tercero ajeno al mismo.<\/p>\n<p>El sitio web del prestador puede utilizar cookies (peque\u00f1os ficheros de informaci\u00f3n que el servidor env\u00eda al ordenador de quien accede a la p\u00e1gina) para llevar a cabo determinadas funciones que son consideradas imprescindibles para el correcto funcionamiento y visualizaci\u00f3n del sitio. Las galletas utilizadas en el sitio web tienen, en todo caso, car\u00e1cter temporal con la \u00fanica finalidad de hacer m\u00e1s eficaz su transmisi\u00f3n ulterior y desaparecen al acabar la sesi\u00f3n del usuario. En ning\u00fan caso se utilizar\u00e1n las galletas para recoger informaci\u00f3n de car\u00e1cter personal, ver informaci\u00f3n galletas.<\/p>\n<p>Desde el sitio web del cliente es posible que se redirija a contenidos de terceros sitios web. Dado que el prestador no puede controlar siempre los contenidos introducidos por los terceros en sus sitios web, \u00e9ste no asume ning\u00fan tipo de responsabilidad respecto a estos contenidos. En todo caso, el prestador manifiesta que proceder\u00e1 a la retirada inmediata de cualquier contenido que pudiera contravenir la legislaci\u00f3n nacional o internacional, la moral o el orden p\u00fablico, procediendo a la retirada inmediata de la redirecci\u00f3n a este sitio web, poniendo en conocimiento de las autoridades competentes el contenido en cuesti\u00f3n.<\/p>\n<p>El prestador no se hace responsable de la informaci\u00f3n y contenidos almacenados, a t\u00edtulo enunciativo pero no limitativo, en foros, chats, generadores de blogs, comentarios, redes sociales o cualquier otro medio que permita a terceros publicar contenidos de forma independiente en la p\u00e1gina web del prestador. No obstante y en cumplimiento de lo dispuesto en el art. 11 y 16 de la LSSI-CE, el prestador se pone a disposici\u00f3n de todos los usuarios, autoridades y fuerzas de seguridad, y colaborando de forma activa en la retirada o en su caso bloqueo de todos aquellos contenidos que pudieran afectar o contravenir la legislaci\u00f3n nacional, o internacional, derechos de terceros o la moral y el personal p\u00fablico. En caso de que el usuario considere que hay en el sitio web alg\u00fan contenido que pudiera ser susceptible de esta clasificaci\u00f3n, se ruega que lo notifique de manera inmediata al administrador del sitio web.<\/p>\n<p>Este sitio web ha sido revisado y probado para que funcione correctamente. En principio, se puede garantizar el funcionamiento correcto los 365 d\u00edas del a\u00f1o, 24 horas al d\u00eda. Sin embargo, el prestador no descarta la posibilidad de que haya ciertos errores de programaci\u00f3n, o que se conviertan en causas de fuerza mayor, cat\u00e1strofes naturales, huelgas, o circunstancias parecidas que hagan imposible el acceso a la p\u00e1gina web.<\/p>\n<p><b>Protecci\u00f3n de datos personales<\/b><\/p>\n<p>El prestador se encuentra profundamente comprometido con el cumplimiento de la normativa espa\u00f1ola de protecci\u00f3n de datos de car\u00e1cter personal, y garantiza el cumplimiento \u00edntegro de las obligaciones de la Ley Org\u00e1nica 3\/2018, de 5 de diciembre, de Protecci\u00f3n de Datos Personales y garant\u00eda de los derechos digitales, as\u00ed como la implementaci\u00f3n de las medidas de seguridad dispuestas en el REGLAMENTO (UE) 2016\/679 DEL PARLAMENTO EUROPEO Y DEL CONSEJO de 27 de abril de 2016 relativo a la protecci\u00f3n de las personas f\u00edsicas con respecto al tratamiento de datos personales y libre circulaci\u00f3n de estos datos (RGPD). El prestador pone a disposici\u00f3n de los usuarios la Pol\u00edtica de Privacidad de la entidad informando a los usuarios seg\u00fan lo especificado en los art\u00edculos 13 y 14 del RGPD, relativos al derecho de informaci\u00f3n de las personas interesadas.<\/p>\n<p><b>Propiedad Intelectual e industrial<\/b><\/p>\n<p>El sitio web, incluyendo a t\u00edtulo enunciativo pero no limitativo su programaci\u00f3n, edici\u00f3n, compilaci\u00f3n y otros elementos necesarios para su funcionamiento, los dise\u00f1os, logotipos, texto y\/o gr\u00e1ficos son propiedad del prestador o en su caso dispone de licencia o autorizaci\u00f3n expresa por parte de los autores. Todos los contenidos del sitio web se encuentran debidamente protegidos por la normativa de propiedad intelectual e industrial, as\u00ed como inscritos en los registros p\u00fablicos correspondientes.<\/p>\n<p>Independientemente de la finalidad para la que fueran destinados, la reproducci\u00f3n total o parcial, uso, explotaci\u00f3n, distribuci\u00f3n y comercializaci\u00f3n requiere en todo caso la autorizaci\u00f3n escrita previa por parte del prestador. Cualquier uso no autorizado previamente por parte del prestador ser\u00e1 considerado un incumplimiento grave de los derechos de propiedad intelectual o industrial de lautor.<\/p>\n<p>Los dise\u00f1os, logotipos, texto y\/o gr\u00e1ficos ajenos al prestador y que pudieran aparecer en el sitio web, pertenecen a sus respectivos propietarios, siendo ellos mismos responsables de cualquier posible controversia que pudiera suscitarse respecto a los mismos. En todo caso, el prestador cuenta con lautorizaci\u00f3n expresa y previa por parte de los mismos.<\/p>\n<p>El prestador reconoce a favor de sus titulares los correspondientes derechos de propiedad industrial e intelectual, y no implica su sola menci\u00f3n o aparici\u00f3n en el sitio web la existencia de derechos o responsabilidad alguna del prestador sobre los mismos, como tampoco soporte, patrocinio o recomendaci\u00f3n por parte del mismo.<\/p>\n<p>Para realizar cualquier tipo de observaci\u00f3n respecto a posibles incumplimientos de los derechos de propiedad intelectual o industrial, as\u00ed como sobre cualquiera de los contenidos del sitio web, lo pod\u00e9is hacer a trav\u00e9s del siguiente correo electr\u00f3nico.<\/p>\n<p><b>Ley Deliberadora y Jurisdicci\u00f3n<\/b><\/p>\n<p>Para la resoluci\u00f3n de todas las controversias o cuestiones relacionadas con el presente sitio web o de las actividades que se desarrollen, ser\u00e1 aplicable la legislaci\u00f3n espa\u00f1ola, a la que se someten expresamente las partes, siendo competentes para la resoluci\u00f3n de todos los conflictos derivados o relacionados con el uso de los Juzgados y Tribunales de Barcelona.<\/p>\t\t\t\t\t\t<\/div>\n\t\t\t\t<\/div>\n\t\t\t\t\t<\/div>\n\t\t<\/div>\n\t\t\t\t\t<\/div>\n\t\t<\/section>\n\t\t\t\t<\/div>\n\t\t","protected":false},"excerpt":{"rendered":"<p>Aviso Legal Denominaci\u00f3n Social: MERC\u00c8 RIUS ALMOYNER Nombre Comercial: Merc\u00e8 Rius Domicilio Social: Paseo Sant Joan 159, 4\u00ba 1\u00aa 08037 Barcelona CIF \/ NIF: 37271837S e-Mail: info@mercerius.es Objeto El prestador, responsable del sitio web, pone a disposici\u00f3n de los usuarios este documento con el que pretende dar cumplimiento a las obligaciones dispuestas en la Ley [&hellip;]<\/p>\n","protected":false},"author":2,"featured_media":0,"parent":0,"menu_order":0,"comment_status":"closed","ping_status":"closed","template":"elementor_header_footer","meta":{"footnotes":""},"class_list":["post-1344","page","type-page","status-publish","hentry"],"acf":[],"yoast_head":"<!-- This site is optimized with the Yoast SEO plugin v21.9.1 - https:\/\/yoast.com\/wordpress\/plugins\/seo\/ -->\n<title>Aviso Legal - Merc\u00e8 rius<\/title>\n<meta name=\"robots\" content=\"noindex, nofollow\" \/>\n<meta property=\"og:locale\" content=\"es_ES\" \/>\n<meta property=\"og:type\" content=\"article\" \/>\n<meta property=\"og:title\" content=\"Aviso Legal - Merc\u00e8 rius\" \/>\n<meta property=\"og:description\" content=\"Aviso Legal Denominaci\u00f3n Social: MERC\u00c8 RIUS ALMOYNER Nombre Comercial: Merc\u00e8 Rius Domicilio Social: Paseo Sant Joan 159, 4\u00ba 1\u00aa 08037 Barcelona CIF \/ NIF: 37271837S e-Mail: info@mercerius.es Objeto El prestador, responsable del sitio web, pone a disposici\u00f3n de los usuarios este documento con el que pretende dar cumplimiento a las obligaciones dispuestas en la Ley [&hellip;]\" \/>\n<meta property=\"og:url\" content=\"https:\/\/mercerius.es\/es\/aviso-legal\/\" \/>\n<meta property=\"og:site_name\" content=\"Merc\u00e8 rius\" \/>\n<meta property=\"article:modified_time\" content=\"2024-04-03T10:20:41+00:00\" \/>\n<meta name=\"twitter:card\" content=\"summary_large_image\" \/>\n<meta name=\"twitter:label1\" content=\"Tiempo de lectura\" \/>\n\t<meta name=\"twitter:data1\" content=\"6 minutos\" \/>\n<script type=\"application\/ld+json\" class=\"yoast-schema-graph\">{\"@context\":\"https:\/\/schema.org\",\"@graph\":[{\"@type\":\"WebPage\",\"@id\":\"https:\/\/mercerius.es\/es\/aviso-legal\/\",\"url\":\"https:\/\/mercerius.es\/es\/aviso-legal\/\",\"name\":\"Aviso Legal - Merc\u00e8 rius\",\"isPartOf\":{\"@id\":\"https:\/\/mercerius.es\/#website\"},\"datePublished\":\"2024-01-11T09:16:58+00:00\",\"dateModified\":\"2024-04-03T10:20:41+00:00\",\"breadcrumb\":{\"@id\":\"https:\/\/mercerius.es\/es\/aviso-legal\/#breadcrumb\"},\"inLanguage\":\"es\",\"potentialAction\":[{\"@type\":\"ReadAction\",\"target\":[\"https:\/\/mercerius.es\/es\/aviso-legal\/\"]}]},{\"@type\":\"BreadcrumbList\",\"@id\":\"https:\/\/mercerius.es\/es\/aviso-legal\/#breadcrumb\",\"itemListElement\":[{\"@type\":\"ListItem\",\"position\":1,\"name\":\"Inici\",\"item\":\"https:\/\/mercerius.es\/\"},{\"@type\":\"ListItem\",\"position\":2,\"name\":\"Aviso Legal\"}]},{\"@type\":\"WebSite\",\"@id\":\"https:\/\/mercerius.es\/#website\",\"url\":\"https:\/\/mercerius.es\/\",\"name\":\"Merc\u00e8 rius\",\"description\":\"\",\"potentialAction\":[{\"@type\":\"SearchAction\",\"target\":{\"@type\":\"EntryPoint\",\"urlTemplate\":\"https:\/\/mercerius.es\/?s={search_term_string}\"},\"query-input\":\"required name=search_term_string\"}],\"inLanguage\":\"es\"}]}<\/script>\n<!-- \/ Yoast SEO plugin. -->","yoast_head_json":{"title":"Aviso Legal - Merc\u00e8 rius","robots":{"index":"noindex","follow":"nofollow"},"og_locale":"es_ES","og_type":"article","og_title":"Aviso Legal - Merc\u00e8 rius","og_description":"Aviso Legal Denominaci\u00f3n Social: MERC\u00c8 RIUS ALMOYNER Nombre Comercial: Merc\u00e8 Rius Domicilio Social: Paseo Sant Joan 159, 4\u00ba 1\u00aa 08037 Barcelona CIF \/ NIF: 37271837S e-Mail: info@mercerius.es Objeto El prestador, responsable del sitio web, pone a disposici\u00f3n de los usuarios este documento con el que pretende dar cumplimiento a las obligaciones dispuestas en la Ley [&hellip;]","og_url":"https:\/\/mercerius.es\/es\/aviso-legal\/","og_site_name":"Merc\u00e8 rius","article_modified_time":"2024-04-03T10:20:41+00:00","twitter_card":"summary_large_image","twitter_misc":{"Tiempo de lectura":"6 minutos"},"schema":{"@context":"https:\/\/schema.org","@graph":[{"@type":"WebPage","@id":"https:\/\/mercerius.es\/es\/aviso-legal\/","url":"https:\/\/mercerius.es\/es\/aviso-legal\/","name":"Aviso Legal - Merc\u00e8 rius","isPartOf":{"@id":"https:\/\/mercerius.es\/#website"},"datePublished":"2024-01-11T09:16:58+00:00","dateModified":"2024-04-03T10:20:41+00:00","breadcrumb":{"@id":"https:\/\/mercerius.es\/es\/aviso-legal\/#breadcrumb"},"inLanguage":"es","potentialAction":[{"@type":"ReadAction","target":["https:\/\/mercerius.es\/es\/aviso-legal\/"]}]},{"@type":"BreadcrumbList","@id":"https:\/\/mercerius.es\/es\/aviso-legal\/#breadcrumb","itemListElement":[{"@type":"ListItem","position":1,"name":"Inici","item":"https:\/\/mercerius.es\/"},{"@type":"ListItem","position":2,"name":"Aviso Legal"}]},{"@type":"WebSite","@id":"https:\/\/mercerius.es\/#website","url":"https:\/\/mercerius.es\/","name":"Merc\u00e8 rius","description":"","potentialAction":[{"@type":"SearchAction","target":{"@type":"EntryPoint","urlTemplate":"https:\/\/mercerius.es\/?s={search_term_string}"},"query-input":"required name=search_term_string"}],"inLanguage":"es"}]}},"_links":{"self":[{"href":"https:\/\/mercerius.es\/es\/wp-json\/wp\/v2\/pages\/1344","targetHints":{"allow":["GET"]}}],"collection":[{"href":"https:\/\/mercerius.es\/es\/wp-json\/wp\/v2\/pages"}],"about":[{"href":"https:\/\/mercerius.es\/es\/wp-json\/wp\/v2\/types\/page"}],"author":[{"embeddable":true,"href":"https:\/\/mercerius.es\/es\/wp-json\/wp\/v2\/users\/2"}],"replies":[{"embeddable":true,"href":"https:\/\/mercerius.es\/es\/wp-json\/wp\/v2\/comments?post=1344"}],"version-history":[{"count":3,"href":"https:\/\/mercerius.es\/es\/wp-json\/wp\/v2\/pages\/1344\/revisions"}],"predecessor-version":[{"id":1350,"href":"https:\/\/mercerius.es\/es\/wp-json\/wp\/v2\/pages\/1344\/revisions\/1350"}],"wp:attachment":[{"href":"https:\/\/mercerius.es\/es\/wp-json\/wp\/v2\/media?parent=1344"}],"curies":[{"name":"wp","href":"https:\/\/api.w.org\/{rel}","templated":true}]}}