{"id":1338,"date":"2024-01-17T09:43:18","date_gmt":"2024-01-17T08:43:18","guid":{"rendered":"https:\/\/mercerius.es\/condiciones-generales-de-compra\/"},"modified":"2024-04-03T12:20:44","modified_gmt":"2024-04-03T10:20:44","slug":"condiciones-generales-de-compra","status":"publish","type":"page","link":"https:\/\/mercerius.es\/es\/condiciones-generales-de-compra\/","title":{"rendered":"Condiciones generales de compra"},"content":{"rendered":"\t\t<div data-elementor-type=\"wp-page\" data-elementor-id=\"1338\" class=\"elementor elementor-1338 elementor-972\" data-elementor-post-type=\"page\">\n\t\t\t\t\t\t<section class=\"elementor-section elementor-top-section elementor-element elementor-element-929f2b9 elementor-section-boxed elementor-section-height-default elementor-section-height-default\" data-id=\"929f2b9\" data-element_type=\"section\">\n\t\t\t\t\t\t<div class=\"elementor-container elementor-column-gap-default\">\n\t\t\t\t\t<div class=\"elementor-column elementor-col-100 elementor-top-column elementor-element elementor-element-7d37092\" data-id=\"7d37092\" data-element_type=\"column\">\n\t\t\t<div class=\"elementor-widget-wrap elementor-element-populated\">\n\t\t\t\t\t\t<div class=\"elementor-element elementor-element-fa6621d elementor-widget elementor-widget-heading\" data-id=\"fa6621d\" data-element_type=\"widget\" data-widget_type=\"heading.default\">\n\t\t\t\t<div class=\"elementor-widget-container\">\n\t\t\t<h2 class=\"elementor-heading-title elementor-size-default\">Condiciones generales de compra<\/h2>\t\t<\/div>\n\t\t\t\t<\/div>\n\t\t\t\t<div class=\"elementor-element elementor-element-c5c6b4a elementor-widget elementor-widget-spacer\" data-id=\"c5c6b4a\" data-element_type=\"widget\" data-widget_type=\"spacer.default\">\n\t\t\t\t<div class=\"elementor-widget-container\">\n\t\t\t\t\t<div class=\"elementor-spacer\">\n\t\t\t<div class=\"elementor-spacer-inner\"><\/div>\n\t\t<\/div>\n\t\t\t\t<\/div>\n\t\t\t\t<\/div>\n\t\t\t\t<div class=\"elementor-element elementor-element-ce98846 elementor-widget elementor-widget-text-editor\" data-id=\"ce98846\" data-element_type=\"widget\" data-widget_type=\"text-editor.default\">\n\t\t\t\t<div class=\"elementor-widget-container\">\n\t\t\t\t\t\t\t<p>Estas Condiciones Generales de compra se aplican a la compra de los productos y servicios que se ofrecen en esta web.<\/p>\n<p>Merc\u00e8 Rius vende a trav\u00e9s de la web alojada en la URL mercerius.es a cualquier usuario que llamemos cliente<\/p>\n<p>La compra de los productos a trav\u00e9s de la web conlleva la aceptaci\u00f3n de los t\u00e9rminos y condiciones previstos en esta p\u00e1gina.<\/p>\n<p>Para realizar un pedido, el cliente deber\u00e1 seguir los tr\u00e1mites del procedimiento de compra previsto en la web o contactar por correo electr\u00f3nico a <a href=\"mailto:info@mercerius.es\">info@mercerius.es<\/a><\/p>\n<\/p>\n<p><strong>Precio y forma de pago<\/strong><\/p>\n<p>El precio de los productos ser\u00e1 en euros junto a cada producto de la web e incluir\u00e1 el IVA aplicable en cada momento. Los gastos de env\u00edo est\u00e1n incluidos en territorio espa\u00f1ol.<\/p>\n<p>Merc\u00e8 Rius se reserva el derecho de actualizar los productos y los precios. El precio aplicable a la solicitud de compra efectuada por el cliente ser\u00e1 el que conste en el momento de realizar la compra.<\/p>\n<p>El cliente podr\u00e1 realizar el pago de los productos seg\u00fan los m\u00e9todos de pago siguientes:<\/p>\n<ul>\n<li><strong>Pago por bizum al tel 630550913<\/strong><\/li>\n<li><strong>Pago mediante transferencia bancaria a la cuenta corriente que se detalla en la factura.  <\/strong>Las comisiones bancarias aplicables a la transferencia ir\u00e1n a cargo del cliente<\/li>\n<\/ul>\n<p>Una vez se haya hecho el pago, el cliente recibir\u00e1 un correo electr\u00f3nico a la direcci\u00f3n que haya indicado, confirmando que la solicitud del pedido y el pago han sido realizados correctamente.<\/p>\n<\/p>\n<p><strong>Entrega de los libros<\/strong><\/p>\n<p>Una vez se haya realizado el proceso de pago, se proceder\u00e1 al env\u00edo de los libros en un plazo m\u00e1ximo de 48 horas por correo postal a la direcci\u00f3n indicada por el cliente en el procedimiento de compra. El plazo final de entrega depender\u00e1 del servicio de Correos.<\/p>\n<p>El cliente ser\u00e1 responsable de los errores que se puedan producir en el supuesto de que el cliente no haya rellenado correctamente el formulario previsto en la web. Si se produjera cualquier incidencia en los plazos de entrega por situaciones excepciones que se pudieran producir, se informar\u00eda inmediatamente al cliente.<\/p>\n<p>Si en el momento de la compra, hubiera problema de stock, se informar\u00eda oportunamente al cliente.<\/p>\n<p>No se aceptar\u00e1 un apartado de correos como direcci\u00f3n de env\u00edo.<\/p>\n<\/p>\n<p><strong>Devoluciones<\/strong><\/p>\n<p>Se aceptar\u00e1n devoluciones, en el plazo de 14 d\u00edas, en caso de que los productos est\u00e9n da\u00f1ados por una incidencia en la impresi\u00f3n o en el transporte.<\/p>\n<\/p>\n<p><strong>Protecci\u00f3n de datos personales<\/strong><\/p>\n<p>En cumplimiento de lo previsto en la normativa vigente, en relaci\u00f3n a los datos personales del cliente facilitados, s\u00f3lo se utilizar\u00e1n para llevar a cabo la transacci\u00f3n.<\/p>\n\t\t\t\t\t\t<\/div>\n\t\t\t\t<\/div>\n\t\t\t\t\t<\/div>\n\t\t<\/div>\n\t\t\t\t\t<\/div>\n\t\t<\/section>\n\t\t\t\t<\/div>\n\t\t","protected":false},"excerpt":{"rendered":"<p>Condiciones generales de compra Estas Condiciones Generales de compra se aplican a la compra de los productos y servicios que se ofrecen en esta web. Merc\u00e8 Rius vende a trav\u00e9s de la web alojada en la URL mercerius.es a cualquier usuario que llamemos cliente La compra de los productos a trav\u00e9s de la web conlleva [&hellip;]<\/p>\n","protected":false},"author":2,"featured_media":0,"parent":0,"menu_order":0,"comment_status":"closed","ping_status":"closed","template":"elementor_header_footer","meta":{"footnotes":""},"class_list":["post-1338","page","type-page","status-publish","hentry"],"acf":[],"yoast_head":"<!-- This site is optimized with the Yoast SEO plugin v21.9.1 - https:\/\/yoast.com\/wordpress\/plugins\/seo\/ -->\n<title>Condiciones generales de compra - Merc\u00e8 rius<\/title>\n<meta name=\"robots\" content=\"noindex, nofollow\" \/>\n<meta property=\"og:locale\" content=\"es_ES\" \/>\n<meta property=\"og:type\" content=\"article\" \/>\n<meta property=\"og:title\" content=\"Condiciones generales de compra - Merc\u00e8 rius\" \/>\n<meta property=\"og:description\" content=\"Condiciones generales de compra Estas Condiciones Generales de compra se aplican a la compra de los productos y servicios que se ofrecen en esta web. Merc\u00e8 Rius vende a trav\u00e9s de la web alojada en la URL mercerius.es a cualquier usuario que llamemos cliente La compra de los productos a trav\u00e9s de la web conlleva [&hellip;]\" \/>\n<meta property=\"og:url\" content=\"https:\/\/mercerius.es\/es\/condiciones-generales-de-compra\/\" \/>\n<meta property=\"og:site_name\" content=\"Merc\u00e8 rius\" \/>\n<meta property=\"article:modified_time\" content=\"2024-04-03T10:20:44+00:00\" \/>\n<meta name=\"twitter:card\" content=\"summary_large_image\" \/>\n<meta name=\"twitter:label1\" content=\"Tiempo de lectura\" \/>\n\t<meta name=\"twitter:data1\" content=\"3 minutos\" \/>\n<script type=\"application\/ld+json\" class=\"yoast-schema-graph\">{\"@context\":\"https:\/\/schema.org\",\"@graph\":[{\"@type\":\"WebPage\",\"@id\":\"https:\/\/mercerius.es\/es\/condiciones-generales-de-compra\/\",\"url\":\"https:\/\/mercerius.es\/es\/condiciones-generales-de-compra\/\",\"name\":\"Condiciones generales de compra - Merc\u00e8 rius\",\"isPartOf\":{\"@id\":\"https:\/\/mercerius.es\/#website\"},\"datePublished\":\"2024-01-17T08:43:18+00:00\",\"dateModified\":\"2024-04-03T10:20:44+00:00\",\"breadcrumb\":{\"@id\":\"https:\/\/mercerius.es\/es\/condiciones-generales-de-compra\/#breadcrumb\"},\"inLanguage\":\"es\",\"potentialAction\":[{\"@type\":\"ReadAction\",\"target\":[\"https:\/\/mercerius.es\/es\/condiciones-generales-de-compra\/\"]}]},{\"@type\":\"BreadcrumbList\",\"@id\":\"https:\/\/mercerius.es\/es\/condiciones-generales-de-compra\/#breadcrumb\",\"itemListElement\":[{\"@type\":\"ListItem\",\"position\":1,\"name\":\"Inici\",\"item\":\"https:\/\/mercerius.es\/\"},{\"@type\":\"ListItem\",\"position\":2,\"name\":\"Condiciones generales de compra\"}]},{\"@type\":\"WebSite\",\"@id\":\"https:\/\/mercerius.es\/#website\",\"url\":\"https:\/\/mercerius.es\/\",\"name\":\"Merc\u00e8 rius\",\"description\":\"\",\"potentialAction\":[{\"@type\":\"SearchAction\",\"target\":{\"@type\":\"EntryPoint\",\"urlTemplate\":\"https:\/\/mercerius.es\/?s={search_term_string}\"},\"query-input\":\"required name=search_term_string\"}],\"inLanguage\":\"es\"}]}<\/script>\n<!-- \/ Yoast SEO plugin. -->","yoast_head_json":{"title":"Condiciones generales de compra - Merc\u00e8 rius","robots":{"index":"noindex","follow":"nofollow"},"og_locale":"es_ES","og_type":"article","og_title":"Condiciones generales de compra - Merc\u00e8 rius","og_description":"Condiciones generales de compra Estas Condiciones Generales de compra se aplican a la compra de los productos y servicios que se ofrecen en esta web. Merc\u00e8 Rius vende a trav\u00e9s de la web alojada en la URL mercerius.es a cualquier usuario que llamemos cliente La compra de los productos a trav\u00e9s de la web conlleva [&hellip;]","og_url":"https:\/\/mercerius.es\/es\/condiciones-generales-de-compra\/","og_site_name":"Merc\u00e8 rius","article_modified_time":"2024-04-03T10:20:44+00:00","twitter_card":"summary_large_image","twitter_misc":{"Tiempo de lectura":"3 minutos"},"schema":{"@context":"https:\/\/schema.org","@graph":[{"@type":"WebPage","@id":"https:\/\/mercerius.es\/es\/condiciones-generales-de-compra\/","url":"https:\/\/mercerius.es\/es\/condiciones-generales-de-compra\/","name":"Condiciones generales de compra - Merc\u00e8 rius","isPartOf":{"@id":"https:\/\/mercerius.es\/#website"},"datePublished":"2024-01-17T08:43:18+00:00","dateModified":"2024-04-03T10:20:44+00:00","breadcrumb":{"@id":"https:\/\/mercerius.es\/es\/condiciones-generales-de-compra\/#breadcrumb"},"inLanguage":"es","potentialAction":[{"@type":"ReadAction","target":["https:\/\/mercerius.es\/es\/condiciones-generales-de-compra\/"]}]},{"@type":"BreadcrumbList","@id":"https:\/\/mercerius.es\/es\/condiciones-generales-de-compra\/#breadcrumb","itemListElement":[{"@type":"ListItem","position":1,"name":"Inici","item":"https:\/\/mercerius.es\/"},{"@type":"ListItem","position":2,"name":"Condiciones generales de compra"}]},{"@type":"WebSite","@id":"https:\/\/mercerius.es\/#website","url":"https:\/\/mercerius.es\/","name":"Merc\u00e8 rius","description":"","potentialAction":[{"@type":"SearchAction","target":{"@type":"EntryPoint","urlTemplate":"https:\/\/mercerius.es\/?s={search_term_string}"},"query-input":"required name=search_term_string"}],"inLanguage":"es"}]}},"_links":{"self":[{"href":"https:\/\/mercerius.es\/es\/wp-json\/wp\/v2\/pages\/1338","targetHints":{"allow":["GET"]}}],"collection":[{"href":"https:\/\/mercerius.es\/es\/wp-json\/wp\/v2\/pages"}],"about":[{"href":"https:\/\/mercerius.es\/es\/wp-json\/wp\/v2\/types\/page"}],"author":[{"embeddable":true,"href":"https:\/\/mercerius.es\/es\/wp-json\/wp\/v2\/users\/2"}],"replies":[{"embeddable":true,"href":"https:\/\/mercerius.es\/es\/wp-json\/wp\/v2\/comments?post=1338"}],"version-history":[{"count":4,"href":"https:\/\/mercerius.es\/es\/wp-json\/wp\/v2\/pages\/1338\/revisions"}],"predecessor-version":[{"id":1353,"href":"https:\/\/mercerius.es\/es\/wp-json\/wp\/v2\/pages\/1338\/revisions\/1353"}],"wp:attachment":[{"href":"https:\/\/mercerius.es\/es\/wp-json\/wp\/v2\/media?parent=1338"}],"curies":[{"name":"wp","href":"https:\/\/api.w.org\/{rel}","templated":true}]}}